{"id":8869,"date":"2025-06-16T13:38:36","date_gmt":"2025-06-16T11:38:36","guid":{"rendered":"https:\/\/kinematica.ch\/missions-werte\/"},"modified":"2025-09-16T12:11:41","modified_gmt":"2025-09-16T10:11:41","slug":"missions-werte","status":"publish","type":"page","link":"https:\/\/kinematica.ch\/de\/missions-werte\/","title":{"rendered":"Missions &#8211; Werte"},"content":{"rendered":"\t\t<div data-elementor-type=\"wp-page\" data-elementor-id=\"8869\" class=\"elementor elementor-8869 elementor-5846\" data-elementor-post-type=\"page\">\n\t\t\t\t<div class=\"elementor-element elementor-element-61ab8676 e-con-full e-flex e-con e-parent\" data-id=\"61ab8676\" data-element_type=\"container\" data-e-type=\"container\" data-settings=\"{&quot;background_background&quot;:&quot;classic&quot;}\">\n\t\t<div class=\"elementor-element elementor-element-3d9a1f37 e-con-full e-flex e-con e-child\" data-id=\"3d9a1f37\" data-element_type=\"container\" data-e-type=\"container\" data-settings=\"{&quot;background_background&quot;:&quot;classic&quot;}\">\n\t\t<div class=\"elementor-element elementor-element-71b15f25 e-con-full e-flex e-con e-child\" data-id=\"71b15f25\" data-element_type=\"container\" data-e-type=\"container\" data-settings=\"{&quot;background_background&quot;:&quot;classic&quot;}\">\n\t\t<div class=\"elementor-element elementor-element-7d068b2 e-con-full e-flex e-con e-child\" data-id=\"7d068b2\" data-element_type=\"container\" data-e-type=\"container\" data-settings=\"{&quot;background_background&quot;:&quot;classic&quot;}\">\n\t\t<div class=\"elementor-element elementor-element-d74fd70 e-con-full e-flex e-con e-child\" data-id=\"d74fd70\" data-element_type=\"container\" data-e-type=\"container\" data-settings=\"{&quot;background_background&quot;:&quot;classic&quot;}\">\n\t\t<div class=\"elementor-element elementor-element-217947dc e-flex e-con-boxed e-con e-child\" data-id=\"217947dc\" data-element_type=\"container\" data-e-type=\"container\">\n\t\t\t\t\t<div class=\"e-con-inner\">\n\t\t\t\t<div class=\"elementor-element elementor-element-2b27e31e elementor-widget__width-initial elementor-widget elementor-widget-heading\" data-id=\"2b27e31e\" data-element_type=\"widget\" data-e-type=\"widget\" data-widget_type=\"heading.default\">\n\t\t\t\t<div class=\"elementor-widget-container\">\n\t\t\t\t\t<h2 class=\"elementor-heading-title elementor-size-default\">Unsere Mission. Ihre L\u00f6sung. <\/h2>\t\t\t\t<\/div>\n\t\t\t\t<\/div>\n\t\t\t\t<div class=\"elementor-element elementor-element-137226d7 elementor-widget__width-initial elementor-widget elementor-widget-text-editor\" data-id=\"137226d7\" data-element_type=\"widget\" data-e-type=\"widget\" data-widget_type=\"text-editor.default\">\n\t\t\t\t<div class=\"elementor-widget-container\">\n\t\t\t\t\t\t\t\t\t<p>Perfektionierte Homogenisierung: f\u00fcr jede Industrie.<\/p>\t\t\t\t\t\t\t\t<\/div>\n\t\t\t\t<\/div>\n\t\t\t\t\t<\/div>\n\t\t\t\t<\/div>\n\t\t<div class=\"elementor-element elementor-element-266dc9b9 e-con-full e-flex e-con e-child\" data-id=\"266dc9b9\" data-element_type=\"container\" data-e-type=\"container\">\n\t\t\t\t<div class=\"elementor-element elementor-element-64b3758d elementor-widget__width-inherit elementor-widget elementor-widget-image\" data-id=\"64b3758d\" data-element_type=\"widget\" data-e-type=\"widget\" data-widget_type=\"image.default\">\n\t\t\t\t<div class=\"elementor-widget-container\">\n\t\t\t\t\t\t\t\t\t\t\t\t\t\t\t<img decoding=\"async\" width=\"164\" height=\"300\" data-src=\"https:\/\/kinematica.ch\/wp-content\/uploads\/2025\/06\/header-missions-164x300.png\" class=\"attachment-medium size-medium wp-image-7192 lazyload\" alt=\"Missions Value Kinematica\" data-srcset=\"https:\/\/kinematica.ch\/wp-content\/uploads\/2025\/06\/header-missions-164x300.png 164w, https:\/\/kinematica.ch\/wp-content\/uploads\/2025\/06\/header-missions-30x54.png 30w, https:\/\/kinematica.ch\/wp-content\/uploads\/2025\/06\/header-missions.png 219w\" data-sizes=\"auto\" src=\"data:image\/svg+xml;base64,PHN2ZyB3aWR0aD0iMSIgaGVpZ2h0PSIxIiB4bWxucz0iaHR0cDovL3d3dy53My5vcmcvMjAwMC9zdmciPjwvc3ZnPg==\" style=\"--smush-placeholder-width: 164px; --smush-placeholder-aspect-ratio: 164\/300;\" data-original-sizes=\"auto, (max-width: 164px) 100vw, 164px\" \/>\t\t\t\t\t\t\t\t\t\t\t\t\t\t\t<\/div>\n\t\t\t\t<\/div>\n\t\t\t\t<\/div>\n\t\t\t\t<\/div>\n\t\t<div class=\"elementor-element elementor-element-239785a2 e-con-full elementor-hidden-mobile e-flex e-con e-child\" data-id=\"239785a2\" data-element_type=\"container\" data-e-type=\"container\" data-settings=\"{&quot;background_background&quot;:&quot;classic&quot;}\">\n\t\t<div class=\"elementor-element elementor-element-7c2481e1 e-con-full e-flex e-con e-child\" data-id=\"7c2481e1\" data-element_type=\"container\" data-e-type=\"container\">\n\t\t\t\t<div class=\"elementor-element elementor-element-5643e983 elementor-widget__width-inherit elementor-widget elementor-widget-image\" data-id=\"5643e983\" data-element_type=\"widget\" data-e-type=\"widget\" data-widget_type=\"image.default\">\n\t\t\t\t<div class=\"elementor-widget-container\">\n\t\t\t\t\t\t\t\t\t\t\t\t\t\t\t<img decoding=\"async\" width=\"164\" height=\"300\" data-src=\"https:\/\/kinematica.ch\/wp-content\/uploads\/2025\/06\/header-missions-1-164x300.png\" class=\"attachment-medium size-medium wp-image-7193 lazyload\" alt=\"Missions Value Kinematica\" data-srcset=\"https:\/\/kinematica.ch\/wp-content\/uploads\/2025\/06\/header-missions-1-164x300.png 164w, https:\/\/kinematica.ch\/wp-content\/uploads\/2025\/06\/header-missions-1-30x54.png 30w, https:\/\/kinematica.ch\/wp-content\/uploads\/2025\/06\/header-missions-1.png 219w\" data-sizes=\"auto\" src=\"data:image\/svg+xml;base64,PHN2ZyB3aWR0aD0iMSIgaGVpZ2h0PSIxIiB4bWxucz0iaHR0cDovL3d3dy53My5vcmcvMjAwMC9zdmciPjwvc3ZnPg==\" style=\"--smush-placeholder-width: 164px; --smush-placeholder-aspect-ratio: 164\/300;\" data-original-sizes=\"auto, (max-width: 164px) 100vw, 164px\" \/>\t\t\t\t\t\t\t\t\t\t\t\t\t\t\t<\/div>\n\t\t\t\t<\/div>\n\t\t\t\t<\/div>\n\t\t<div class=\"elementor-element elementor-element-5cedce7 e-con-full e-flex e-con e-child\" data-id=\"5cedce7\" data-element_type=\"container\" data-e-type=\"container\">\n\t\t\t\t<\/div>\n\t\t\t\t<\/div>\n\t\t\t\t<\/div>\n\t\t\t\t<\/div>\n\t\t\t\t<\/div>\n\t\t\t\t<\/div>\n\t\t<div class=\"elementor-element elementor-element-69695152 e-flex e-con-boxed e-con e-parent\" data-id=\"69695152\" data-element_type=\"container\" data-e-type=\"container\">\n\t\t\t\t\t<div class=\"e-con-inner\">\n\t\t<div class=\"elementor-element elementor-element-5ab09890 e-con-full e-flex e-con e-child\" data-id=\"5ab09890\" data-element_type=\"container\" data-e-type=\"container\">\n\t\t\t\t<div class=\"elementor-element elementor-element-58ff4d0c elementor-widget elementor-widget-image\" data-id=\"58ff4d0c\" data-element_type=\"widget\" data-e-type=\"widget\" data-widget_type=\"image.default\">\n\t\t\t\t<div class=\"elementor-widget-container\">\n\t\t\t\t\t\t\t\t\t\t\t\t\t\t\t<img decoding=\"async\" width=\"384\" height=\"256\" data-src=\"https:\/\/kinematica.ch\/wp-content\/uploads\/2025\/06\/mission-img.webp\" class=\"attachment-full size-full wp-image-7195 lazyload\" alt=\"\" data-srcset=\"https:\/\/kinematica.ch\/wp-content\/uploads\/2025\/06\/mission-img.webp 384w, https:\/\/kinematica.ch\/wp-content\/uploads\/2025\/06\/mission-img-81x54.webp 81w, https:\/\/kinematica.ch\/wp-content\/uploads\/2025\/06\/mission-img-300x200.webp 300w\" data-sizes=\"auto\" src=\"data:image\/svg+xml;base64,PHN2ZyB3aWR0aD0iMSIgaGVpZ2h0PSIxIiB4bWxucz0iaHR0cDovL3d3dy53My5vcmcvMjAwMC9zdmciPjwvc3ZnPg==\" style=\"--smush-placeholder-width: 384px; --smush-placeholder-aspect-ratio: 384\/256;\" data-original-sizes=\"auto, (max-width: 384px) 100vw, 384px\" \/>\t\t\t\t\t\t\t\t\t\t\t\t\t\t\t<\/div>\n\t\t\t\t<\/div>\n\t\t\t\t<\/div>\n\t\t<div class=\"elementor-element elementor-element-481f667e e-con-full e-flex e-con e-child\" data-id=\"481f667e\" data-element_type=\"container\" data-e-type=\"container\">\n\t\t\t\t<div class=\"elementor-element elementor-element-7e7cf3bd elementor-widget elementor-widget-text-editor\" data-id=\"7e7cf3bd\" data-element_type=\"widget\" data-e-type=\"widget\" data-widget_type=\"text-editor.default\">\n\t\t\t\t<div class=\"elementor-widget-container\">\n\t\t\t\t\t\t\t\t\t<p>Seit 1962 sind wir f\u00fchrend in der Dispergier- und Homogenisiertechnik f\u00fcr Labor als auch Technikum und Gross-Produktion. Nebst Standardl\u00f6sungen erarbeiten wir in enger Zusammenarbeit mit unseren Kunden individualisierte L\u00f6sungen f\u00fcr die Pharma-, Kosmetik-, Chemie-, Biotechnologie- und Lebensmittelindustrie. Unser globales Netzwerk, bestehend aus Niederlassungen in Nordamerika (New York, USA), Europa (Freiburg, DE) und Asien (Hong Kong, CN) sowie langj\u00e4hrige Partnerschaften in Russland, Indien und Japan, erm\u00f6glicht es uns, nah am Kunden zu sein.  <\/p>\n<p>An unserem Hauptsitz und in unseren Produktionsanlagen in Luzern\u00a0(Switzerland)\u00a0is where we leverage our extensive expertise for thousands of\u00a0An unserem Hauptsitz und in unseren Produktionsanlagen in Luzern\u00a0. Immer mit dem Ziel Ihre Anwendungs- oder Prozessbed\u00fcrfnisse zu optimieren.\u00a0\u00a0Das Forschungs- und Entwicklungsteam der Kinematica stellt sich t\u00e4glich und mit<br>viel Engagement den anspruchsvollsten Anforderungen, um einen Mehrwert f\u00fcr unsere Kunden zu schaffen.\u00a0\u00a0\u00a0. <\/p>\t\t\t\t\t\t\t\t<\/div>\n\t\t\t\t<\/div>\n\t\t\t\t<\/div>\n\t\t\t\t\t<\/div>\n\t\t\t\t<\/div>\n\t\t<div class=\"elementor-element elementor-element-92b932b e-flex e-con-boxed e-con e-child\" data-id=\"92b932b\" data-element_type=\"container\" data-e-type=\"container\" data-settings=\"{&quot;background_background&quot;:&quot;classic&quot;}\">\n\t\t\t\t\t<div class=\"e-con-inner\">\n\t\t\t\t<div class=\"elementor-element elementor-element-6eb4b3f elementor-widget elementor-widget-heading\" data-id=\"6eb4b3f\" data-element_type=\"widget\" data-e-type=\"widget\" data-widget_type=\"heading.default\">\n\t\t\t\t<div class=\"elementor-widget-container\">\n\t\t\t\t\t<h2 class=\"elementor-heading-title elementor-size-default\">FAKTEN & ZAHLEN<\/h2>\t\t\t\t<\/div>\n\t\t\t\t<\/div>\n\t\t\t\t<div class=\"elementor-element elementor-element-59a4274 elementor-widget elementor-widget-ucaddon_responsive_testemonial_carousel\" data-id=\"59a4274\" data-element_type=\"widget\" data-e-type=\"widget\" data-widget_type=\"ucaddon_responsive_testemonial_carousel.default\">\n\t\t\t\t<div class=\"elementor-widget-container\">\n\t\t\t\t\t\n<!-- start Testimonial Carousel -->\n\t\t<link id='font-awesome-css' href='https:\/\/kinematica.ch\/wp-content\/plugins\/unlimited-elements-for-elementor-premium\/assets_libraries\/font-awesome6\/fontawesome-all.min.css' type='text\/css' rel='stylesheet' >\n\t\t<link id='font-awesome-4-shim-css' href='https:\/\/kinematica.ch\/wp-content\/plugins\/unlimited-elements-for-elementor-premium\/assets_libraries\/font-awesome6\/fontawesome-v4-shims.min.css' type='text\/css' rel='stylesheet' >\n\t\t<link id='owl-carousel-css' href='https:\/\/kinematica.ch\/wp-content\/plugins\/unlimited-elements-for-elementor-premium\/assets_libraries\/owl-carousel-new\/assets\/owl.carousel.css' type='text\/css' rel='stylesheet' >\n\n<style>\/* widget: Testimonial Carousel *\/\n\n\/* general styles *\/\n.uc_quote_slider{\n  min-height:1px;\n}\n\n#uc_responsive_testemonial_carousel_elementor_59a4274 *{\n  box-sizing:border-box;\n}\n\n#uc_responsive_testemonial_carousel_elementor_59a4274 .uc_quote_info .uc_author_avatar {\n  width: 100%;\n}\n\n#uc_responsive_testemonial_carousel_elementor_59a4274 .uc_quote_info .uc_author {\n  display: inline-flex;\n  align-items: center; \n    text-align:center;\n  }\n\n#uc_responsive_testemonial_carousel_elementor_59a4274 .uc_stars{\n  display:flex;\n}\n\n#uc_responsive_testemonial_carousel_elementor_59a4274 .uc_quote_info{\n  display:flex;\n}\n\n#uc_responsive_testemonial_carousel_elementor_59a4274 *{\n  outline:none;\n}\n\n#uc_responsive_testemonial_carousel_elementor_59a4274 .ue-image{\n  flex-grow:0;\n  flex-shrink:0;\n}\n\n#uc_responsive_testemonial_carousel_elementor_59a4274 .uc_quote_info .uc_author_info .uc_company {\n    color: ;\n}\n\n#uc_responsive_testemonial_carousel_elementor_59a4274 .ue-image-spacing{\n  flex-grow:0;\n  flex-shrink:0;\n}\n\n#uc_responsive_testemonial_carousel_elementor_59a4274 .ue-icon{\n  display:inline-flex;\n  justify-content:center;\n  align-items:center;\n}\n\n#uc_responsive_testemonial_carousel_elementor_59a4274 .ue-icon svg{\n  width:1em;\n  height:1em;\n}\n\n#uc_responsive_testemonial_carousel_elementor_59a4274 .uc_quote_item,\n#uc_responsive_testemonial_carousel_elementor_59a4274 .ue-flip-item-content{\n  transition: all .3s;\n}\n\n\/* end general styles *\/\n\n\/* carousel type owl *\/\n  #uc_responsive_testemonial_carousel_elementor_59a4274 .owl-dots {\n    overflow:hidden;\n  }\n\n  #uc_responsive_testemonial_carousel_elementor_59a4274 .owl-dot {\n    display:inline-block;\n  }\n\n  #uc_responsive_testemonial_carousel_elementor_59a4274 .owl-nav .owl-prev,\n  #uc_responsive_testemonial_carousel_elementor_59a4274 .owl-nav .owl-next{\n      position:absolute;\n      display:inline-block;\n      text-align:center;\n  }\n\n  \n  \n\n\/* end carousel type owl *\/\n\n\n\n<\/style>\n\n<div class=\"uc_quote_slider\" style=\"direction:ltr\" >  \n  <!-- carousel type owl -->\n  \t<div class=\"uc_carousel owl-carousel owl-theme uc-items-wrapper  \" id=\"uc_responsive_testemonial_carousel_elementor_59a4274\"  >\n      \n\t<div class=\"uc_quote_item ue-item     elementor-repeater-item-5cb7284\">\n    <div class=\"uc_quote_info \">\n                \n\t  <div class=\"uc_author\">\n                  <div class=\"ue-image\">\n\t        <img decoding=\"async\" decoding=\"async\" class=\"uc_author_avatar lazyload\" data-src=\"https:\/\/kinematica.ch\/wp-content\/uploads\/2025\/06\/KIN_Icon_Facts_23_rgb.png\" height=\"48\" width=\"48\" alt=\"\" src=\"data:image\/svg+xml;base64,PHN2ZyB3aWR0aD0iMSIgaGVpZ2h0PSIxIiB4bWxucz0iaHR0cDovL3d3dy53My5vcmcvMjAwMC9zdmciPjwvc3ZnPg==\" style=\"--smush-placeholder-width: 48px; --smush-placeholder-aspect-ratio: 48\/48;\" data-srcset=\"https:\/\/kinematica.ch\/wp-content\/uploads\/2025\/06\/KIN_Icon_Facts_23_rgb.png 370w, https:\/\/kinematica.ch\/wp-content\/uploads\/2025\/06\/KIN_Icon_Facts_23_rgb-300x300.png 300w, https:\/\/kinematica.ch\/wp-content\/uploads\/2025\/06\/KIN_Icon_Facts_23_rgb-54x54.png 54w, https:\/\/kinematica.ch\/wp-content\/uploads\/2025\/06\/KIN_Icon_Facts_23_rgb-150x150.png 150w\" data-sizes=\"auto\" data-original-sizes=\"(max-width: 48px) 100vw, 48px\" \/>\n          <\/div>\n          <div class=\"ue-image-spacing\"><\/div>\n                          \n\t\t<div class=\"uc_author_info\">\n\t\t  <a href=\"https:\/\/kinematica.ch\/contact-us\/\" ><div class=\"ue_title\">23 Jahre<\/div><\/a>\t\t  \t\t<\/div>\n        \n\t  <\/div>      <!-- end of credentials -->\n              \n      <div class=\"ue-text\"><p><div style=\"display:block;padding-left:40px; padding-right:40px;\">Dank der langj\u00e4hrigen Zusammenarbeit mit namhaften Organisationen aus der ganzen Welt,\nwie der ETH Z\u00fcrich,<br><br>blicken wir auf \u00fcber 20 Jahre kontinuierliche Innovation und eine Reihe von zum Patent angemeldeten L\u00f6sungen, die unseren Kunden einen<br>einzigartigen Wertbeitrag bieten,<br>zur\u00fcck.<\/div>\n<\/p><\/div>              \n      \t        \n                    \n\t<\/div>   <\/div>\n<!-- end of block item -->\n\n\t<div class=\"uc_quote_item ue-item     elementor-repeater-item-986b6e3\">\n    <div class=\"uc_quote_info \">\n                \n\t  <div class=\"uc_author\">\n                  <div class=\"ue-image\">\n\t        <img decoding=\"async\" decoding=\"async\" class=\"uc_author_avatar lazyload\" data-src=\"https:\/\/kinematica.ch\/wp-content\/uploads\/2025\/06\/KIN_Icon_Facts_95_rgb.png\" height=\"48\" width=\"48\" alt=\"\" src=\"data:image\/svg+xml;base64,PHN2ZyB3aWR0aD0iMSIgaGVpZ2h0PSIxIiB4bWxucz0iaHR0cDovL3d3dy53My5vcmcvMjAwMC9zdmciPjwvc3ZnPg==\" style=\"--smush-placeholder-width: 48px; --smush-placeholder-aspect-ratio: 48\/48;\" data-srcset=\"https:\/\/kinematica.ch\/wp-content\/uploads\/2025\/06\/KIN_Icon_Facts_95_rgb.png 370w, https:\/\/kinematica.ch\/wp-content\/uploads\/2025\/06\/KIN_Icon_Facts_95_rgb-300x300.png 300w, https:\/\/kinematica.ch\/wp-content\/uploads\/2025\/06\/KIN_Icon_Facts_95_rgb-54x54.png 54w, https:\/\/kinematica.ch\/wp-content\/uploads\/2025\/06\/KIN_Icon_Facts_95_rgb-150x150.png 150w\" data-sizes=\"auto\" data-original-sizes=\"(max-width: 48px) 100vw, 48px\" \/>\n          <\/div>\n          <div class=\"ue-image-spacing\"><\/div>\n                          \n\t\t<div class=\"uc_author_info\">\n\t\t  <a href=\"https:\/\/kinematica.ch\/contact-us\/\" ><div class=\"ue_title\">95% GESTEIGERTE PRODUKTIVIT\u00c4T<\/div><\/a>\t\t  \t\t<\/div>\n        \n\t  <\/div>      <!-- end of credentials -->\n              \n      <div class=\"ue-text\"><p><div style=\"display:block;padding-left:40px; padding-right:40px;\">\nWir bieten L\u00f6sungen, um die Produktivit\u00e4t unserer Kunden sowohl bei kontinuierlichen In-Line-<br>\nals auch Chargenfertigungsprozessen erheblich zu steigern.<\/div><\/p><\/div>              \n      \t        \n                    \n\t<\/div>   <\/div>\n<!-- end of block item -->\n\n\t<div class=\"uc_quote_item ue-item     elementor-repeater-item-109998a\">\n    <div class=\"uc_quote_info \">\n                \n\t  <div class=\"uc_author\">\n                  <div class=\"ue-image\">\n\t        <img decoding=\"async\" decoding=\"async\" class=\"uc_author_avatar lazyload\" data-src=\"https:\/\/kinematica.ch\/wp-content\/uploads\/2025\/06\/KIN_Icon_Facts_75_rgb.png\" height=\"48\" width=\"48\" alt=\"\" src=\"data:image\/svg+xml;base64,PHN2ZyB3aWR0aD0iMSIgaGVpZ2h0PSIxIiB4bWxucz0iaHR0cDovL3d3dy53My5vcmcvMjAwMC9zdmciPjwvc3ZnPg==\" style=\"--smush-placeholder-width: 48px; --smush-placeholder-aspect-ratio: 48\/48;\" data-srcset=\"https:\/\/kinematica.ch\/wp-content\/uploads\/2025\/06\/KIN_Icon_Facts_75_rgb.png 370w, https:\/\/kinematica.ch\/wp-content\/uploads\/2025\/06\/KIN_Icon_Facts_75_rgb-300x300.png 300w, https:\/\/kinematica.ch\/wp-content\/uploads\/2025\/06\/KIN_Icon_Facts_75_rgb-54x54.png 54w, https:\/\/kinematica.ch\/wp-content\/uploads\/2025\/06\/KIN_Icon_Facts_75_rgb-150x150.png 150w\" data-sizes=\"auto\" data-original-sizes=\"(max-width: 48px) 100vw, 48px\" \/>\n          <\/div>\n          <div class=\"ue-image-spacing\"><\/div>\n                          \n\t\t<div class=\"uc_author_info\">\n\t\t  <a href=\"https:\/\/kinematica.ch\/contact-us\/\" ><div class=\"ue_title\">75 L\u00c4NDER<\/div><\/a>\t\t  \t\t<\/div>\n        \n\t  <\/div>      <!-- end of credentials -->\n              \n      <div class=\"ue-text\"><p><div style=\"display:block;padding-left:40px; padding-right:40px;\">\nUnser globales Team und unser Netzwerk an qualifizierten Partnern erm\u00f6glichen es uns,<br><br>unseren Kunden direkt und besser zur Seite zu stehen \u2013 \u00fcberall auf der Welt, auch bei Ihnen.\n <br><\/div><\/p><\/div>              \n      \t        \n                    \n\t<\/div>   <\/div>\n<!-- end of block item -->\n\n\t<div class=\"uc_quote_item ue-item     elementor-repeater-item-d19c784\">\n    <div class=\"uc_quote_info \">\n                \n\t  <div class=\"uc_author\">\n                  <div class=\"ue-image\">\n\t        <img decoding=\"async\" class=\"uc_author_avatar lazyload\" data-src=\"https:\/\/kinematica.ch\/wp-content\/uploads\/2025\/06\/KIN_Icon_Facts_100_rgb.png\" height=\"48\" width=\"48\" alt=\"\" src=\"data:image\/svg+xml;base64,PHN2ZyB3aWR0aD0iMSIgaGVpZ2h0PSIxIiB4bWxucz0iaHR0cDovL3d3dy53My5vcmcvMjAwMC9zdmciPjwvc3ZnPg==\" style=\"--smush-placeholder-width: 48px; --smush-placeholder-aspect-ratio: 48\/48;\" data-srcset=\"https:\/\/kinematica.ch\/wp-content\/uploads\/2025\/06\/KIN_Icon_Facts_100_rgb.png 370w, https:\/\/kinematica.ch\/wp-content\/uploads\/2025\/06\/KIN_Icon_Facts_100_rgb-300x300.png 300w, https:\/\/kinematica.ch\/wp-content\/uploads\/2025\/06\/KIN_Icon_Facts_100_rgb-54x54.png 54w, https:\/\/kinematica.ch\/wp-content\/uploads\/2025\/06\/KIN_Icon_Facts_100_rgb-150x150.png 150w\" data-sizes=\"auto\" data-original-sizes=\"(max-width: 48px) 100vw, 48px\" \/>\n          <\/div>\n          <div class=\"ue-image-spacing\"><\/div>\n                          \n\t\t<div class=\"uc_author_info\">\n\t\t  <a href=\"https:\/\/kinematica.ch\/contact-us\/\" ><div class=\"ue_title\">100% KUNDENZUFRIEDENHEIT<\/div><\/a>\t\t  \t\t<\/div>\n        \n\t  <\/div>      <!-- end of credentials -->\n              \n      <div class=\"ue-text\"><p><div style=\"display:block;padding-left:40px; padding-right:40px;\">\nEin kundenorientierter Ansatz leitet das gesamte Kinematica-Expertenteam.\n <br>Das Streben nach einem 100% zufriedenen Kundenstamm ist unser erkl\u00e4rtes Ziel.<br> <br><br>\n<\/div><\/p><\/div>              \n      \t        \n                    \n\t<\/div>   <\/div>\n<!-- end of block item -->\n\n\t<div class=\"uc_quote_item ue-item     elementor-repeater-item-acb47cd\">\n    <div class=\"uc_quote_info \">\n                \n\t  <div class=\"uc_author\">\n                  <div class=\"ue-image\">\n\t        <img decoding=\"async\" class=\"uc_author_avatar lazyload\" data-src=\"https:\/\/kinematica.ch\/wp-content\/uploads\/2025\/06\/KIN_Icon_Facts_64_rgb.png\" height=\"48\" width=\"48\" alt=\"\" src=\"data:image\/svg+xml;base64,PHN2ZyB3aWR0aD0iMSIgaGVpZ2h0PSIxIiB4bWxucz0iaHR0cDovL3d3dy53My5vcmcvMjAwMC9zdmciPjwvc3ZnPg==\" style=\"--smush-placeholder-width: 48px; --smush-placeholder-aspect-ratio: 48\/48;\" data-srcset=\"https:\/\/kinematica.ch\/wp-content\/uploads\/2025\/06\/KIN_Icon_Facts_64_rgb.png 370w, https:\/\/kinematica.ch\/wp-content\/uploads\/2025\/06\/KIN_Icon_Facts_64_rgb-300x300.png 300w, https:\/\/kinematica.ch\/wp-content\/uploads\/2025\/06\/KIN_Icon_Facts_64_rgb-54x54.png 54w, https:\/\/kinematica.ch\/wp-content\/uploads\/2025\/06\/KIN_Icon_Facts_64_rgb-150x150.png 150w\" data-sizes=\"auto\" data-original-sizes=\"(max-width: 48px) 100vw, 48px\" \/>\n          <\/div>\n          <div class=\"ue-image-spacing\"><\/div>\n                          \n\t\t<div class=\"uc_author_info\">\n\t\t  <a href=\"https:\/\/kinematica.ch\/contact-us\/\" ><div class=\"ue_title\">\u00dcBER 60 ANGESTELLTE<\/div><\/a>\t\t  \t\t<\/div>\n        \n\t  <\/div>      <!-- end of credentials -->\n              \n      <div class=\"ue-text\"><p><div style=\"display:block;padding-left:40px; padding-right:40px;\">\nEine schlanke Organisationsstruktur erm\u00f6glicht es, agil zu handeln und rasch auf die Anforderungen<br>unserer Kunden zu reagieren.<br> <br> <br>\n<\/div><\/p><\/div>              \n      \t        \n                    \n\t<\/div>   <\/div>\n<!-- end of block item -->\n\n    <\/div>\t\t\n    <!-- end carousel type owl -->\n\n  <!-- carousel type marquee -->\n    <!-- end carousel type marquee -->\n\n  <!-- carousel type coverflow -->\n    <!-- end carousel type coverflow -->\n\n  <!-- carousel type swipe -->\n    <!-- end carousel type swipe -->\n\n  <!-- carousel type grid -->\n    <!-- end carousel type grid -->\n\n<\/div>\n<!-- end Testimonial Carousel -->\t\t\t\t<\/div>\n\t\t\t\t<\/div>\n\t\t\t\t\t<\/div>\n\t\t\t\t<\/div>\n\t\t\t\t<\/div>\n\t\t","protected":false},"excerpt":{"rendered":"<p>Unsere Mission. Ihre L\u00f6sung. Perfektionierte Homogenisierung: f\u00fcr jede Industrie. Seit 1962 sind wir f\u00fchrend in der Dispergier- und Homogenisiertechnik f\u00fcr Labor als auch Technikum und Gross-Produktion. Nebst Standardl\u00f6sungen erarbeiten wir in enger Zusammenarbeit mit unseren Kunden individualisierte L\u00f6sungen f\u00fcr die Pharma-, Kosmetik-, Chemie-, Biotechnologie- und Lebensmittelindustrie. Unser globales Netzwerk, bestehend aus Niederlassungen in Nordamerika (New<\/p>\n<div class=\"klb-readmore post-buttons\"><a class=\"btn btn-black btn-rounded\" href=\"https:\/\/kinematica.ch\/de\/missions-werte\/\">Read More <i class=\"klbth-icon-right-arrow\"><\/i><\/a><\/div>\n","protected":false},"author":1,"featured_media":0,"parent":0,"menu_order":0,"comment_status":"closed","ping_status":"closed","template":"","meta":{"_acf_changed":false,"footnotes":""},"class_list":["post-8869","page","type-page","status-publish","hentry"],"acf":[],"_links":{"self":[{"href":"https:\/\/kinematica.ch\/de\/wp-json\/wp\/v2\/pages\/8869","targetHints":{"allow":["GET"]}}],"collection":[{"href":"https:\/\/kinematica.ch\/de\/wp-json\/wp\/v2\/pages"}],"about":[{"href":"https:\/\/kinematica.ch\/de\/wp-json\/wp\/v2\/types\/page"}],"author":[{"embeddable":true,"href":"https:\/\/kinematica.ch\/de\/wp-json\/wp\/v2\/users\/1"}],"replies":[{"embeddable":true,"href":"https:\/\/kinematica.ch\/de\/wp-json\/wp\/v2\/comments?post=8869"}],"version-history":[{"count":0,"href":"https:\/\/kinematica.ch\/de\/wp-json\/wp\/v2\/pages\/8869\/revisions"}],"wp:attachment":[{"href":"https:\/\/kinematica.ch\/de\/wp-json\/wp\/v2\/media?parent=8869"}],"curies":[{"name":"wp","href":"https:\/\/api.w.org\/{rel}","templated":true}]}}