{"id":8847,"date":"2025-06-16T08:50:19","date_gmt":"2025-06-16T06:50:19","guid":{"rendered":"https:\/\/kinematica.ch\/service-reparatur\/"},"modified":"2025-09-24T11:55:39","modified_gmt":"2025-09-24T09:55:39","slug":"service-reparatur","status":"publish","type":"page","link":"https:\/\/kinematica.ch\/de\/service-reparatur\/","title":{"rendered":"Service &#8211; Reparatur"},"content":{"rendered":"\t\t<div data-elementor-type=\"wp-page\" data-elementor-id=\"8847\" class=\"elementor elementor-8847 elementor-5757\" data-elementor-post-type=\"page\">\n\t\t\t\t<div class=\"elementor-element elementor-element-498af73 e-flex e-con-boxed e-con e-parent\" data-id=\"498af73\" data-element_type=\"container\" data-e-type=\"container\" data-settings=\"{&quot;background_background&quot;:&quot;classic&quot;}\">\n\t\t\t\t\t<div class=\"e-con-inner\">\n\t\t\t\t<div class=\"elementor-element elementor-element-beef9f4 elementor-widget elementor-widget-heading\" data-id=\"beef9f4\" data-element_type=\"widget\" data-e-type=\"widget\" data-widget_type=\"heading.default\">\n\t\t\t\t<div class=\"elementor-widget-container\">\n\t\t\t\t\t<h2 class=\"elementor-heading-title elementor-size-default\">Service \/ Reparatur<\/h2>\t\t\t\t<\/div>\n\t\t\t\t<\/div>\n\t\t\t\t<div class=\"elementor-element elementor-element-2c18d9b elementor-widget elementor-widget-text-editor\" data-id=\"2c18d9b\" data-element_type=\"widget\" data-e-type=\"widget\" data-widget_type=\"text-editor.default\">\n\t\t\t\t<div class=\"elementor-widget-container\">\n\t\t\t\t\t\t\t\t\t<p>Hier erfahren Sie alles Wissenswerte rund um das Thema Reparatur, Service und Garantie.<\/p>\t\t\t\t\t\t\t\t<\/div>\n\t\t\t\t<\/div>\n\t\t\t\t\t<\/div>\n\t\t\t\t<\/div>\n\t\t<div class=\"elementor-element elementor-element-f240caa e-con-full e-flex e-con e-parent\" data-id=\"f240caa\" data-element_type=\"container\" data-e-type=\"container\">\n\t\t\t\t<div class=\"elementor-element elementor-element-6187b4f elementor-widget__width-inherit elementor-absolute elementor-widget elementor-widget-image\" data-id=\"6187b4f\" data-element_type=\"widget\" data-e-type=\"widget\" data-settings=\"{&quot;_position&quot;:&quot;absolute&quot;}\" data-widget_type=\"image.default\">\n\t\t\t\t<div class=\"elementor-widget-container\">\n\t\t\t\t\t\t\t\t\t\t\t\t\t\t\t<img decoding=\"async\" width=\"883\" height=\"11\" data-src=\"https:\/\/kinematica.ch\/wp-content\/smush-webp\/2025\/06\/barra_de_colores.png.webp\" class=\"attachment-full size-full wp-image-5887 lazyload\" alt=\"color-bar Kinematica\" data-srcset=\"https:\/\/kinematica.ch\/wp-content\/smush-webp\/2025\/06\/barra_de_colores.png.webp 883w, https:\/\/kinematica.ch\/wp-content\/smush-webp\/2025\/06\/barra_de_colores-90x1.png.webp 90w, https:\/\/kinematica.ch\/wp-content\/smush-webp\/2025\/06\/barra_de_colores-600x7.png.webp 600w, https:\/\/kinematica.ch\/wp-content\/smush-webp\/2025\/06\/barra_de_colores-300x4.png.webp 300w, https:\/\/kinematica.ch\/wp-content\/smush-webp\/2025\/06\/barra_de_colores-768x10.png.webp 768w\" data-sizes=\"auto\" src=\"data:image\/svg+xml;base64,PHN2ZyB3aWR0aD0iMSIgaGVpZ2h0PSIxIiB4bWxucz0iaHR0cDovL3d3dy53My5vcmcvMjAwMC9zdmciPjwvc3ZnPg==\" style=\"--smush-placeholder-width: 883px; --smush-placeholder-aspect-ratio: 883\/11;\" data-original-sizes=\"auto, (max-width: 883px) 100vw, 883px\" \/>\t\t\t\t\t\t\t\t\t\t\t\t\t\t\t<\/div>\n\t\t\t\t<\/div>\n\t\t\t\t<\/div>\n\t\t<div class=\"elementor-element elementor-element-7e90162 e-flex e-con-boxed e-con e-parent\" data-id=\"7e90162\" data-element_type=\"container\" data-e-type=\"container\">\n\t\t\t\t\t<div class=\"e-con-inner\">\n\t\t<div class=\"elementor-element elementor-element-d59d2d4 e-con-full e-flex e-con e-child\" data-id=\"d59d2d4\" data-element_type=\"container\" data-e-type=\"container\">\n\t\t\t\t<div class=\"elementor-element elementor-element-a8c4e73 elementor-widget elementor-widget-heading\" data-id=\"a8c4e73\" data-element_type=\"widget\" data-e-type=\"widget\" data-widget_type=\"heading.default\">\n\t\t\t\t<div class=\"elementor-widget-container\">\n\t\t\t\t\t<h2 class=\"elementor-heading-title elementor-size-default\">Schritt 1: Service \/ Anfrage Reparatur<\/h2>\t\t\t\t<\/div>\n\t\t\t\t<\/div>\n\t\t\t\t<div class=\"elementor-element elementor-element-96cb66f elementor-widget__width-initial elementor-widget elementor-widget-text-editor\" data-id=\"96cb66f\" data-element_type=\"widget\" data-e-type=\"widget\" data-widget_type=\"text-editor.default\">\n\t\t\t\t<div class=\"elementor-widget-container\">\n\t\t\t\t\t\t\t\t\t<p>Bevor Sie uns Ihr Ger\u00e4t oder das Dispergier-Aggregat zusenden, ist es zwingend notwendig das Registrierungsformular vollst\u00e4ndig auszuf\u00fcllen. Das ist n\u00f6tig, damit unsere Serviceabteilung Ihnen bestm\u00f6glich helfen kann und alle Gefahren, welche von dem Produkt ausgehen k\u00f6nnen, ausschliessen k\u00f6nnen. Mit der schnellen und unkomplizierten Serviceregistrierung, ist es uns zudem m\u00f6glich, das Produkt zu identifizieren und Ihnen eine passende L\u00f6sung anzubieten.  <\/p>\t\t\t\t\t\t\t\t<\/div>\n\t\t\t\t<\/div>\n\t\t\t\t<\/div>\n\t\t<div class=\"elementor-element elementor-element-028e095 e-con-full e-flex e-con e-child\" data-id=\"028e095\" data-element_type=\"container\" data-e-type=\"container\">\n\t\t\t\t<div class=\"elementor-element elementor-element-5cdf84b elementor-align-justify elementor-widget__width-initial elementor-widget elementor-widget-button\" data-id=\"5cdf84b\" data-element_type=\"widget\" data-e-type=\"widget\" data-widget_type=\"button.default\">\n\t\t\t\t<div class=\"elementor-widget-container\">\n\t\t\t\t\t\t\t\t\t<div class=\"elementor-button-wrapper\">\n\t\t\t\t\t<a class=\"elementor-button elementor-button-link elementor-size-sm\" href=\"https:\/\/kinematica.ch\/wp-content\/uploads\/2025\/pdf\/service\/KIN_Service_Repair_Form_en.pdf\" target=\"_blank\">\n\t\t\t\t\t\t<span class=\"elementor-button-content-wrapper\">\n\t\t\t\t\t\t<span class=\"elementor-button-icon\">\n\t\t\t\t<svg aria-hidden=\"true\" class=\"e-font-icon-svg e-fas-download\" viewBox=\"0 0 512 512\" xmlns=\"https:\/\/www.w3.org\/2000\/svg\"><path d=\"M216 0h80c13.3 0 24 10.7 24 24v168h87.7c17.8 0 26.7 21.5 14.1 34.1L269.7 378.3c-7.5 7.5-19.8 7.5-27.3 0L90.1 226.1c-12.6-12.6-3.7-34.1 14.1-34.1H192V24c0-13.3 10.7-24 24-24zm296 376v112c0 13.3-10.7 24-24 24H24c-13.3 0-24-10.7-24-24V376c0-13.3 10.7-24 24-24h146.7l49 49c20.1 20.1 52.5 20.1 72.6 0l49-49H488c13.3 0 24 10.7 24 24zm-124 88c0-11-9-20-20-20s-20 9-20 20 9 20 20 20 20-9 20-20zm64 0c0-11-9-20-20-20s-20 9-20 20 9 20 20 20 20-9 20-20z\"><\/path><\/svg>\t\t\t<\/span>\n\t\t\t\t\t\t\t\t\t<span class=\"elementor-button-text\">ANMELDEFORMULAR<\/span>\n\t\t\t\t\t<\/span>\n\t\t\t\t\t<\/a>\n\t\t\t\t<\/div>\n\t\t\t\t\t\t\t\t<\/div>\n\t\t\t\t<\/div>\n\t\t\t\t<div class=\"elementor-element elementor-element-b01522d elementor-align-justify elementor-widget__width-initial elementor-widget elementor-widget-button\" data-id=\"b01522d\" data-element_type=\"widget\" data-e-type=\"widget\" data-widget_type=\"button.default\">\n\t\t\t\t<div class=\"elementor-widget-container\">\n\t\t\t\t\t\t\t\t\t<div class=\"elementor-button-wrapper\">\n\t\t\t\t\t<a class=\"elementor-button elementor-button-link elementor-size-sm\" href=\"https:\/\/docs.google.com\/forms\/d\/e\/1FAIpQLSeWT_la0XH9exIEhNHHP3osf0v5BXpGD-xemfbxrnQDgWQo7Q\/viewform\" target=\"_blank\">\n\t\t\t\t\t\t<span class=\"elementor-button-content-wrapper\">\n\t\t\t\t\t\t<span class=\"elementor-button-icon\">\n\t\t\t\t<svg aria-hidden=\"true\" class=\"e-font-icon-svg e-fas-download\" viewBox=\"0 0 512 512\" xmlns=\"https:\/\/www.w3.org\/2000\/svg\"><path d=\"M216 0h80c13.3 0 24 10.7 24 24v168h87.7c17.8 0 26.7 21.5 14.1 34.1L269.7 378.3c-7.5 7.5-19.8 7.5-27.3 0L90.1 226.1c-12.6-12.6-3.7-34.1 14.1-34.1H192V24c0-13.3 10.7-24 24-24zm296 376v112c0 13.3-10.7 24-24 24H24c-13.3 0-24-10.7-24-24V376c0-13.3 10.7-24 24-24h146.7l49 49c20.1 20.1 52.5 20.1 72.6 0l49-49H488c13.3 0 24 10.7 24 24zm-124 88c0-11-9-20-20-20s-20 9-20 20 9 20 20 20 20-9 20-20zm64 0c0-11-9-20-20-20s-20 9-20 20 9 20 20 20 20-9 20-20z\"><\/path><\/svg>\t\t\t<\/span>\n\t\t\t\t\t\t\t\t\t<span class=\"elementor-button-text\">ONLINEANMELDUNG<\/span>\n\t\t\t\t\t<\/span>\n\t\t\t\t\t<\/a>\n\t\t\t\t<\/div>\n\t\t\t\t\t\t\t\t<\/div>\n\t\t\t\t<\/div>\n\t\t\t\t<\/div>\n\t\t\t\t\t<\/div>\n\t\t\t\t<\/div>\n\t\t<div class=\"elementor-element elementor-element-fcabb5e e-flex e-con-boxed e-con e-parent\" data-id=\"fcabb5e\" data-element_type=\"container\" data-e-type=\"container\">\n\t\t\t\t\t<div class=\"e-con-inner\">\n\t\t\t\t<div class=\"elementor-element elementor-element-7f409c0 elementor-widget-divider--view-line elementor-widget elementor-widget-divider\" data-id=\"7f409c0\" data-element_type=\"widget\" data-e-type=\"widget\" data-widget_type=\"divider.default\">\n\t\t\t\t<div class=\"elementor-widget-container\">\n\t\t\t\t\t\t\t<div class=\"elementor-divider\">\n\t\t\t<span class=\"elementor-divider-separator\">\n\t\t\t\t\t\t<\/span>\n\t\t<\/div>\n\t\t\t\t\t\t<\/div>\n\t\t\t\t<\/div>\n\t\t\t\t\t<\/div>\n\t\t\t\t<\/div>\n\t\t<div class=\"elementor-element elementor-element-5797028 e-flex e-con-boxed e-con e-parent\" data-id=\"5797028\" data-element_type=\"container\" data-e-type=\"container\">\n\t\t\t\t\t<div class=\"e-con-inner\">\n\t\t<div class=\"elementor-element elementor-element-0f20f8d e-con-full e-flex e-con e-child\" data-id=\"0f20f8d\" data-element_type=\"container\" data-e-type=\"container\">\n\t\t\t\t<div class=\"elementor-element elementor-element-489fce2 elementor-widget elementor-widget-heading\" data-id=\"489fce2\" data-element_type=\"widget\" data-e-type=\"widget\" data-widget_type=\"heading.default\">\n\t\t\t\t<div class=\"elementor-widget-container\">\n\t\t\t\t\t<h2 class=\"elementor-heading-title elementor-size-default\">Schritt 2: Versand<\/h2>\t\t\t\t<\/div>\n\t\t\t\t<\/div>\n\t\t\t\t<div class=\"elementor-element elementor-element-9442a5a elementor-widget__width-initial elementor-widget elementor-widget-text-editor\" data-id=\"9442a5a\" data-element_type=\"widget\" data-e-type=\"widget\" data-widget_type=\"text-editor.default\">\n\t\t\t\t<div class=\"elementor-widget-container\">\n\t\t\t\t\t\t\t\t\t<p>Nachdem Sie das Online-Formular gesendet oder das PDF-Formular gamailt bzw. gefaxt haben, k\u00f6nnen Sie uns die Sendung zukommen lassen. Nat\u00fcrlich k\u00f6nnen Sie auch das Formular mit der Sendung mitsenden lassen. <\/p>\t\t\t\t\t\t\t\t<\/div>\n\t\t\t\t<\/div>\n\t\t\t\t<\/div>\n\t\t<div class=\"elementor-element elementor-element-bf3e0ac e-con-full e-flex e-con e-child\" data-id=\"bf3e0ac\" data-element_type=\"container\" data-e-type=\"container\">\n\t\t\t\t<div class=\"elementor-element elementor-element-61ec43d elementor-align-justify elementor-widget__width-initial elementor-widget elementor-widget-button\" data-id=\"61ec43d\" data-element_type=\"widget\" data-e-type=\"widget\" data-widget_type=\"button.default\">\n\t\t\t\t<div class=\"elementor-widget-container\">\n\t\t\t\t\t\t\t\t\t<div class=\"elementor-button-wrapper\">\n\t\t\t\t\t<a class=\"elementor-button elementor-button-link elementor-size-sm\" href=\"https:\/\/kinematica.ch\/de\/kontakt\/\" target=\"_blank\">\n\t\t\t\t\t\t<span class=\"elementor-button-content-wrapper\">\n\t\t\t\t\t\t<span class=\"elementor-button-icon\">\n\t\t\t\t<svg aria-hidden=\"true\" class=\"e-font-icon-svg e-fas-location-arrow\" viewBox=\"0 0 512 512\" xmlns=\"https:\/\/www.w3.org\/2000\/svg\"><path d=\"M444.52 3.52L28.74 195.42c-47.97 22.39-31.98 92.75 19.19 92.75h175.91v175.91c0 51.17 70.36 67.17 92.75 19.19l191.9-415.78c15.99-38.39-25.59-79.97-63.97-63.97z\"><\/path><\/svg>\t\t\t<\/span>\n\t\t\t\t\t\t\t\t\t<span class=\"elementor-button-text\">STANDORTE - KONTAKT<\/span>\n\t\t\t\t\t<\/span>\n\t\t\t\t\t<\/a>\n\t\t\t\t<\/div>\n\t\t\t\t\t\t\t\t<\/div>\n\t\t\t\t<\/div>\n\t\t\t\t<\/div>\n\t\t\t\t\t<\/div>\n\t\t\t\t<\/div>\n\t\t<div class=\"elementor-element elementor-element-c863923 e-flex e-con-boxed e-con e-parent\" data-id=\"c863923\" data-element_type=\"container\" data-e-type=\"container\">\n\t\t\t\t\t<div class=\"e-con-inner\">\n\t\t<div class=\"elementor-element elementor-element-6afa968 e-con-full e-flex e-con e-child\" data-id=\"6afa968\" data-element_type=\"container\" data-e-type=\"container\">\n\t\t\t\t<div class=\"elementor-element elementor-element-666be78 elementor-widget elementor-widget-heading\" data-id=\"666be78\" data-element_type=\"widget\" data-e-type=\"widget\" data-widget_type=\"heading.default\">\n\t\t\t\t<div class=\"elementor-widget-container\">\n\t\t\t\t\t<h2 class=\"elementor-heading-title elementor-size-default\">Auswahl des Logistik-Zentrums<\/h2>\t\t\t\t<\/div>\n\t\t\t\t<\/div>\n\t\t\t\t<div class=\"elementor-element elementor-element-51ba1f1 elementor-widget__width-initial elementor-widget elementor-widget-text-editor\" data-id=\"51ba1f1\" data-element_type=\"widget\" data-e-type=\"widget\" data-widget_type=\"text-editor.default\">\n\t\t\t\t<div class=\"elementor-widget-container\">\n\t\t\t\t\t\t\t\t\t<p>Um einen Mehraufwand und m\u00f6gliche Zusatzkosten, welche bei der Zusendung der Reparatur entstehen k\u00f6nnen, zu vermeiden, ist es wichtig das zust\u00e4ndige Logistik-Zentrum auszuw\u00e4hlen und die Sendung korrekt zu adressieren.<\/p><p>Wir bitten Sie ausdr\u00fccklich die Sendung an die f\u00fcr Sie zust\u00e4ndige Stelle zu senden, da wir jeglichen Mehraufwand, Verzollung, erh\u00f6hte Versandkostens\u00e4tze oder weitere hier nicht aufgef\u00fchrte Kosten zu Ihren Lasten weiterverrechnen m\u00fcssen. <\/p>\t\t\t\t\t\t\t\t<\/div>\n\t\t\t\t<\/div>\n\t\t\t\t<\/div>\n\t\t<div class=\"elementor-element elementor-element-3787c52 e-con-full e-flex e-con e-child\" data-id=\"3787c52\" data-element_type=\"container\" data-e-type=\"container\">\n\t\t\t\t<\/div>\n\t\t\t\t\t<\/div>\n\t\t\t\t<\/div>\n\t\t<div class=\"elementor-element elementor-element-0c08ed0 e-flex e-con-boxed e-con e-parent\" data-id=\"0c08ed0\" data-element_type=\"container\" data-e-type=\"container\">\n\t\t\t\t\t<div class=\"e-con-inner\">\n\t\t\t\t<div class=\"elementor-element elementor-element-8f67095 elementor-widget-divider--view-line elementor-widget elementor-widget-divider\" data-id=\"8f67095\" data-element_type=\"widget\" data-e-type=\"widget\" data-widget_type=\"divider.default\">\n\t\t\t\t<div class=\"elementor-widget-container\">\n\t\t\t\t\t\t\t<div class=\"elementor-divider\">\n\t\t\t<span class=\"elementor-divider-separator\">\n\t\t\t\t\t\t<\/span>\n\t\t<\/div>\n\t\t\t\t\t\t<\/div>\n\t\t\t\t<\/div>\n\t\t\t\t\t<\/div>\n\t\t\t\t<\/div>\n\t\t<div class=\"elementor-element elementor-element-fc1a701 e-flex e-con-boxed e-con e-parent\" data-id=\"fc1a701\" data-element_type=\"container\" data-e-type=\"container\">\n\t\t\t\t\t<div class=\"e-con-inner\">\n\t\t<div class=\"elementor-element elementor-element-75610fa e-con-full e-flex e-con e-child\" data-id=\"75610fa\" data-element_type=\"container\" data-e-type=\"container\">\n\t\t\t\t<div class=\"elementor-element elementor-element-e6e592d elementor-widget elementor-widget-heading\" data-id=\"e6e592d\" data-element_type=\"widget\" data-e-type=\"widget\" data-widget_type=\"heading.default\">\n\t\t\t\t<div class=\"elementor-widget-container\">\n\t\t\t\t\t<h2 class=\"elementor-heading-title elementor-size-default\">Schritt 3: Kostenvoranschlag und R\u00fcckversand<\/h2>\t\t\t\t<\/div>\n\t\t\t\t<\/div>\n\t\t\t\t<div class=\"elementor-element elementor-element-086f1f3 elementor-widget__width-initial elementor-widget elementor-widget-text-editor\" data-id=\"086f1f3\" data-element_type=\"widget\" data-e-type=\"widget\" data-widget_type=\"text-editor.default\">\n\t\t\t\t<div class=\"elementor-widget-container\">\n\t\t\t\t\t\t\t\t\t<p>Alle eingesendeten Reparatur- und Serviceauftr\u00e4ge werden bis CHF 200 ohne einen Kostenvoranschlag \/ Offerte und R\u00fccksprache ausgef\u00fchrt. Auf Kundenwunsch wird erst ein Kostenvoranschlag ab einen Warenwert von CHF 200 erstellt. <\/p><p>Falls Sie einen Kostenvoranschlag w\u00fcnschen, jedoch sp\u00e4ter unsere Offerte ablehnen, werden wir Ihnen Umtriebskosten in H\u00f6he von CHF 90 verrechnen. Im Falle einer Reparatur oder einer Bestellung des offerierten Neuger\u00e4tes entfallen diese Kosten vollumf\u00e4nglich. Sobald das Produkt repariert wurde, erhalten Sie die Sendung originalverpackt zur\u00fcck. Sollte das Ger\u00e4t oder Aggregat irreparabel sein, wird unser Verkaufsteam bem\u00fcht sein, mit Ihnen eine passende und lukrative L\u00f6sung zu finden.   <\/p>\t\t\t\t\t\t\t\t<\/div>\n\t\t\t\t<\/div>\n\t\t\t\t<\/div>\n\t\t<div class=\"elementor-element elementor-element-8222d0d e-con-full e-flex e-con e-child\" data-id=\"8222d0d\" data-element_type=\"container\" data-e-type=\"container\">\n\t\t\t\t<\/div>\n\t\t\t\t\t<\/div>\n\t\t\t\t<\/div>\n\t\t<div class=\"elementor-element elementor-element-d449dfb e-flex e-con-boxed e-con e-parent\" data-id=\"d449dfb\" data-element_type=\"container\" data-e-type=\"container\">\n\t\t\t\t\t<div class=\"e-con-inner\">\n\t\t\t\t<div class=\"elementor-element elementor-element-16770e2 elementor-widget-divider--view-line elementor-widget elementor-widget-divider\" data-id=\"16770e2\" data-element_type=\"widget\" data-e-type=\"widget\" data-widget_type=\"divider.default\">\n\t\t\t\t<div class=\"elementor-widget-container\">\n\t\t\t\t\t\t\t<div class=\"elementor-divider\">\n\t\t\t<span class=\"elementor-divider-separator\">\n\t\t\t\t\t\t<\/span>\n\t\t<\/div>\n\t\t\t\t\t\t<\/div>\n\t\t\t\t<\/div>\n\t\t\t\t\t<\/div>\n\t\t\t\t<\/div>\n\t\t<div class=\"elementor-element elementor-element-41626a8 e-flex e-con-boxed e-con e-parent\" data-id=\"41626a8\" data-element_type=\"container\" data-e-type=\"container\">\n\t\t\t\t\t<div class=\"e-con-inner\">\n\t\t<div class=\"elementor-element elementor-element-7018fc0 e-con-full e-flex e-con e-child\" data-id=\"7018fc0\" data-element_type=\"container\" data-e-type=\"container\">\n\t\t\t\t<div class=\"elementor-element elementor-element-fc69479 elementor-widget elementor-widget-heading\" data-id=\"fc69479\" data-element_type=\"widget\" data-e-type=\"widget\" data-widget_type=\"heading.default\">\n\t\t\t\t<div class=\"elementor-widget-container\">\n\t\t\t\t\t<h2 class=\"elementor-heading-title elementor-size-default\">Nicht gewartete Produkte<\/h2>\t\t\t\t<\/div>\n\t\t\t\t<\/div>\n\t\t\t\t<div class=\"elementor-element elementor-element-bfaaf26 elementor-widget__width-initial elementor-widget elementor-widget-text-editor\" data-id=\"bfaaf26\" data-element_type=\"widget\" data-e-type=\"widget\" data-widget_type=\"text-editor.default\">\n\t\t\t\t<div class=\"elementor-widget-container\">\n\t\t\t\t\t\t\t\t\t<p>Folgende Produkte k\u00f6nnen nicht mehr gewartet werden.<\/p><p>Grunds\u00e4tzlich k\u00f6nnen keine Kinematica Produkte gewartet oder repariert werden, welche 10 Jahre oder \u00e4lter sind, da hierf\u00fcr keine Ersatzteile mehr bereitstehen und da die heute geltenden Normen nicht mehr eingehalten werden k\u00f6nnten:  <br><br>Ist Ihr Ger\u00e4t oder Aggregat auf der Liste? Bitte kontaktieren Sie uns, damit wir gemeinsam mit Ihnen eine neue und passende L\u00f6sung besprechen k\u00f6nnen. <\/p>\t\t\t\t\t\t\t\t<\/div>\n\t\t\t\t<\/div>\n\t\t\t\t<\/div>\n\t\t<div class=\"elementor-element elementor-element-2cfc40d e-con-full e-flex e-con e-child\" data-id=\"2cfc40d\" data-element_type=\"container\" data-e-type=\"container\">\n\t\t\t\t<\/div>\n\t\t\t\t\t<\/div>\n\t\t\t\t<\/div>\n\t\t<div class=\"elementor-element elementor-element-862242b e-flex e-con-boxed e-con e-parent\" data-id=\"862242b\" data-element_type=\"container\" data-e-type=\"container\">\n\t\t\t\t\t<div class=\"e-con-inner\">\n\t\t<div class=\"elementor-element elementor-element-be2ff35 e-con-full e-flex e-con e-child\" data-id=\"be2ff35\" data-element_type=\"container\" data-e-type=\"container\">\n\t\t\t\t<div class=\"elementor-element elementor-element-5242cf2 elementor-widget__width-initial elementor-widget elementor-widget-text-editor\" data-id=\"5242cf2\" data-element_type=\"widget\" data-e-type=\"widget\" data-widget_type=\"text-editor.default\">\n\t\t\t\t<div class=\"elementor-widget-container\">\n\t\t\t\t\t\t\t\t\t<div><div style=\"border-top: 1px solid #00404c; padding: 7px 0; font-weight: 600;\">POLYTRON\u00ae<\/div><\/div><div><div style=\"border-top: 1px solid #00404c; padding: 7px 0;\">PT 1200 B\/C\/CL<\/div><\/div><div><div style=\"border-top: 1px solid #00404c; padding: 7px 0;\">PT 1300 D (bis Baujahr 2007)<\/div><\/div><div><div style=\"border-top: 1px solid #00404c; padding: 7px 0;\">PT 1600 E<\/div><\/div><div><div style=\"border-top: 1px solid #00404c; padding: 7px 0;\">PT-MR 2100<\/div><\/div><div><div style=\"border-top: 1px solid #00404c; padding: 7px 0;\">PT 10-35 GT ohne Display<\/div><\/div><div><div style=\"border-top: 1px solid #00404c; padding: 7px 0;\">PT 3000<\/div><\/div><div><div style=\"border-top: 1px solid #00404c; padding: 7px 0;\">PT 3100<\/div><\/div><div><div style=\"border-top: 1px solid #00404c; padding: 7px 0;\">PT-K (PT 10-35)<\/div><\/div><div><div style=\"border-top: 1px solid #00404c; padding: 7px 0;\">PT-G (PT 45-80)<\/div><\/div><div><div style=\"border-top: 1px solid #00404c; padding: 7px 0;\">PT 6000<\/div><\/div><div><div style=\"border-top: 1px solid #00404c; border-bottom: 1px solid #00404c; padding: 7px 0;\">PT 6100<\/div><\/div>\t\t\t\t\t\t\t\t<\/div>\n\t\t\t\t<\/div>\n\t\t\t\t<\/div>\n\t\t<div class=\"elementor-element elementor-element-422a4ed e-con-full e-flex e-con e-child\" data-id=\"422a4ed\" data-element_type=\"container\" data-e-type=\"container\">\n\t\t\t\t<div class=\"elementor-element elementor-element-a162a06 elementor-widget__width-initial elementor-widget elementor-widget-text-editor\" data-id=\"a162a06\" data-element_type=\"widget\" data-e-type=\"widget\" data-widget_type=\"text-editor.default\">\n\t\t\t\t<div class=\"elementor-widget-container\">\n\t\t\t\t\t\t\t\t\t<div>\n<div>\n<div style=\"border-top: 1px solid #00404c; padding: 7px 0; font-weight: 600;\">POLYMIX\u00ae<\/div>\n<\/div>\n<div>\n<div style=\"border-top: 1px solid #00404c; padding: 7px 0;\">PX-MFC (Cullati Mill)<\/div>\n<\/div>\n<div>\n<div style=\"border-top: 1px solid #00404c; padding: 7px 0;\">PX-SR 50 E<\/div>\n<\/div>\n<div>\n<div style=\"border-top: 1px solid #00404c; padding: 7px 0;\">PX-SR 90 D<\/div>\n<\/div>\n<div>\n<div style=\"border-top: 1px solid #00404c; padding: 7px 0; font-weight: 600;\">MEGATRON\u00ae<\/div>\n<\/div>\n<div>\n<div style=\"border-top: 1px solid #00404c; padding: 7px 0;\">MT 3000<\/div>\n<\/div>\n<div>\n<div style=\"border-top: 1px solid #00404c; padding: 7px 0;\">MT 5000<\/div>\n<\/div>\n<div>\n<div style=\"border-top: 1px solid #00404c; padding: 7px 0;\">MT 5100<\/div>\n<\/div>\n<div>\n<div style=\"border-top: 1px solid #00404c; padding: 7px 0; font-weight: 600;\">POLYVISC\u00ae<\/div>\n<\/div>\n<div>\n<div style=\"border-top: 1px solid #00404c;border-bottom: 1px solid #00404c; padding: 7px 0;\">PV-FV + Akkuversion (Solange Ersatzteile noch vorhanden sind, jedoch gew\u00e4hren wir keine Garantie auf Folgefehler. Kalibrierung weiterhin m\u00f6glich.)<\/div>\n<\/div>\n<\/div>\t\t\t\t\t\t\t\t<\/div>\n\t\t\t\t<\/div>\n\t\t\t\t<\/div>\n\t\t<div class=\"elementor-element elementor-element-d330858 e-con-full e-flex e-con e-child\" data-id=\"d330858\" data-element_type=\"container\" data-e-type=\"container\">\n\t\t\t\t<div class=\"elementor-element elementor-element-abe7e33 elementor-widget__width-initial elementor-widget elementor-widget-text-editor\" data-id=\"abe7e33\" data-element_type=\"widget\" data-e-type=\"widget\" data-widget_type=\"text-editor.default\">\n\t\t\t\t<div class=\"elementor-widget-container\">\n\t\t\t\t\t\t\t\t\t<div><div style=\"border-top: 1px solid #00404c; padding: 7px 0; font-weight: 600;\">DISPERGIERAGGREGATE<\/div><\/div><div><div style=\"border-top: 1px solid #00404c; padding: 7px 0;\">Type C (nur noch als Sonderanfertigung erh\u00e4ltlich)<\/div><\/div><div><div style=\"border-top: 1px solid #00404c; padding: 7px 0;\">Type A*<\/div><\/div><div><div style=\"border-top: 1px solid #00404c; padding: 7px 0;\">Type B*<\/div><\/div><div><div><div style=\"border-top: 1px solid #00404c; padding: 7px 0;\">Type D*<\/div><\/div><div><div style=\"border-top: 1px solid #00404c; padding: 7px 0;\">* Service wird gegen Aufpreis angeboten<\/div><\/div><div><div><div style=\"border-top: 1px solid #00404c; border-bottom: 1px solid #00404c; padding: 7px 0;\">Alle anderen Produkte \/ Ger\u00e4te auf der Liste k\u00f6nnen nicht mehr bestellt werden.<\/div><\/div><\/div><\/div>\t\t\t\t\t\t\t\t<\/div>\n\t\t\t\t<\/div>\n\t\t\t\t<\/div>\n\t\t\t\t\t<\/div>\n\t\t\t\t<\/div>\n\t\t<div class=\"elementor-element elementor-element-fd23b5a e-flex e-con-boxed e-con e-parent\" data-id=\"fd23b5a\" data-element_type=\"container\" data-e-type=\"container\">\n\t\t\t\t\t<div class=\"e-con-inner\">\n\t\t\t\t<div class=\"elementor-element elementor-element-ae98836 elementor-widget-divider--view-line elementor-widget elementor-widget-divider\" data-id=\"ae98836\" data-element_type=\"widget\" data-e-type=\"widget\" data-widget_type=\"divider.default\">\n\t\t\t\t<div class=\"elementor-widget-container\">\n\t\t\t\t\t\t\t<div class=\"elementor-divider\">\n\t\t\t<span class=\"elementor-divider-separator\">\n\t\t\t\t\t\t<\/span>\n\t\t<\/div>\n\t\t\t\t\t\t<\/div>\n\t\t\t\t<\/div>\n\t\t\t\t\t<\/div>\n\t\t\t\t<\/div>\n\t\t\t\t<\/div>\n\t\t","protected":false},"excerpt":{"rendered":"<p>Service \/ Reparatur Hier erfahren Sie alles Wissenswerte rund um das Thema Reparatur, Service und Garantie. Schritt 1: Service \/ Anfrage Reparatur Bevor Sie uns Ihr Ger\u00e4t oder das Dispergier-Aggregat zusenden, ist es zwingend notwendig das Registrierungsformular vollst\u00e4ndig auszuf\u00fcllen. Das ist n\u00f6tig, damit unsere Serviceabteilung Ihnen bestm\u00f6glich helfen kann und alle Gefahren, welche von dem<\/p>\n<div class=\"klb-readmore post-buttons\"><a class=\"btn btn-black btn-rounded\" href=\"https:\/\/kinematica.ch\/de\/service-reparatur\/\">Read More <i class=\"klbth-icon-right-arrow\"><\/i><\/a><\/div>\n","protected":false},"author":1,"featured_media":0,"parent":0,"menu_order":0,"comment_status":"closed","ping_status":"closed","template":"","meta":{"_acf_changed":false,"footnotes":""},"class_list":["post-8847","page","type-page","status-publish","hentry"],"acf":[],"_links":{"self":[{"href":"https:\/\/kinematica.ch\/de\/wp-json\/wp\/v2\/pages\/8847","targetHints":{"allow":["GET"]}}],"collection":[{"href":"https:\/\/kinematica.ch\/de\/wp-json\/wp\/v2\/pages"}],"about":[{"href":"https:\/\/kinematica.ch\/de\/wp-json\/wp\/v2\/types\/page"}],"author":[{"embeddable":true,"href":"https:\/\/kinematica.ch\/de\/wp-json\/wp\/v2\/users\/1"}],"replies":[{"embeddable":true,"href":"https:\/\/kinematica.ch\/de\/wp-json\/wp\/v2\/comments?post=8847"}],"version-history":[{"count":0,"href":"https:\/\/kinematica.ch\/de\/wp-json\/wp\/v2\/pages\/8847\/revisions"}],"wp:attachment":[{"href":"https:\/\/kinematica.ch\/de\/wp-json\/wp\/v2\/media?parent=8847"}],"curies":[{"name":"wp","href":"https:\/\/api.w.org\/{rel}","templated":true}]}}