{"id":8832,"date":"2025-06-25T07:15:15","date_gmt":"2025-06-25T05:15:15","guid":{"rendered":"https:\/\/kinematica.ch\/dienstleistungen\/"},"modified":"2025-09-19T11:30:39","modified_gmt":"2025-09-19T09:30:39","slug":"dienstleistungen","status":"publish","type":"page","link":"https:\/\/kinematica.ch\/de\/dienstleistungen\/","title":{"rendered":"Dienstleistungen"},"content":{"rendered":"\t\t<div data-elementor-type=\"wp-page\" data-elementor-id=\"8832\" class=\"elementor elementor-8832 elementor-6844\" data-elementor-post-type=\"page\">\n\t\t\t\t<div class=\"elementor-element elementor-element-ca92728 e-con-full e-flex e-con e-parent\" data-id=\"ca92728\" data-element_type=\"container\" data-e-type=\"container\" data-settings=\"{&quot;background_background&quot;:&quot;classic&quot;}\">\n\t\t<div class=\"elementor-element elementor-element-2d2c4d4f e-flex e-con-boxed e-con e-child\" data-id=\"2d2c4d4f\" data-element_type=\"container\" data-e-type=\"container\">\n\t\t\t\t\t<div class=\"e-con-inner\">\n\t\t\t\t<div class=\"elementor-element elementor-element-59fe612c elementor-widget elementor-widget-heading\" data-id=\"59fe612c\" data-element_type=\"widget\" data-e-type=\"widget\" data-widget_type=\"heading.default\">\n\t\t\t\t<div class=\"elementor-widget-container\">\n\t\t\t\t\t<h2 class=\"elementor-heading-title elementor-size-default\">Dienstleistungen<\/h2>\t\t\t\t<\/div>\n\t\t\t\t<\/div>\n\t\t\t\t<div class=\"elementor-element elementor-element-58f1ef1a elementor-widget elementor-widget-text-editor\" data-id=\"58f1ef1a\" data-element_type=\"widget\" data-e-type=\"widget\" data-widget_type=\"text-editor.default\">\n\t\t\t\t<div class=\"elementor-widget-container\">\n\t\t\t\t\t\t\t\t\t<p>Entdecken Sie unsere vielf\u00e4ltigen Dienstleistungen.<\/p>\t\t\t\t\t\t\t\t<\/div>\n\t\t\t\t<\/div>\n\t\t\t\t<div class=\"elementor-element elementor-element-2a19815d elementor-align-left elementor-widget__width-inherit elementor-widget elementor-widget-button\" data-id=\"2a19815d\" data-element_type=\"widget\" data-e-type=\"widget\" data-widget_type=\"button.default\">\n\t\t\t\t<div class=\"elementor-widget-container\">\n\t\t\t\t\t\t\t\t\t<div class=\"elementor-button-wrapper\">\n\t\t\t\t\t<a class=\"elementor-button elementor-button-link elementor-size-sm\" href=\"https:\/\/kinematica.ch\/de\/kontakt\/\">\n\t\t\t\t\t\t<span class=\"elementor-button-content-wrapper\">\n\t\t\t\t\t\t\t\t\t<span class=\"elementor-button-text\">KONTAKT<\/span>\n\t\t\t\t\t<\/span>\n\t\t\t\t\t<\/a>\n\t\t\t\t<\/div>\n\t\t\t\t\t\t\t\t<\/div>\n\t\t\t\t<\/div>\n\t\t\t\t\t<\/div>\n\t\t\t\t<\/div>\n\t\t<div class=\"elementor-element elementor-element-b819773 e-con-full elementor-hidden-mobile e-flex e-con e-child\" data-id=\"b819773\" data-element_type=\"container\" data-e-type=\"container\" data-settings=\"{&quot;background_background&quot;:&quot;classic&quot;}\">\n\t\t\t\t<\/div>\n\t\t\t\t<\/div>\n\t\t<div class=\"elementor-element elementor-element-35f5822 e-flex e-con-boxed e-con e-parent\" data-id=\"35f5822\" data-element_type=\"container\" data-e-type=\"container\" data-settings=\"{&quot;background_background&quot;:&quot;classic&quot;}\">\n\t\t\t\t\t<div class=\"e-con-inner\">\n\t\t\t\t<div class=\"elementor-element elementor-element-4398485 elementor-widget elementor-widget-ucaddon_responsive_testemonial_carousel\" data-id=\"4398485\" data-element_type=\"widget\" data-e-type=\"widget\" data-widget_type=\"ucaddon_responsive_testemonial_carousel.default\">\n\t\t\t\t<div class=\"elementor-widget-container\">\n\t\t\t\t\t\n<!-- start Testimonial Carousel -->\n\t\t<link id='font-awesome-css' href='https:\/\/kinematica.ch\/wp-content\/plugins\/unlimited-elements-for-elementor-premium\/assets_libraries\/font-awesome6\/fontawesome-all.min.css' type='text\/css' rel='stylesheet' >\n\t\t<link id='font-awesome-4-shim-css' href='https:\/\/kinematica.ch\/wp-content\/plugins\/unlimited-elements-for-elementor-premium\/assets_libraries\/font-awesome6\/fontawesome-v4-shims.min.css' type='text\/css' rel='stylesheet' >\n\t\t<link id='owl-carousel-css' href='https:\/\/kinematica.ch\/wp-content\/plugins\/unlimited-elements-for-elementor-premium\/assets_libraries\/owl-carousel-new\/assets\/owl.carousel.css' type='text\/css' rel='stylesheet' >\n\n<style>\/* widget: Testimonial Carousel *\/\n\n\/* general styles *\/\n.uc_quote_slider{\n  min-height:1px;\n}\n\n#uc_responsive_testemonial_carousel_elementor_4398485 *{\n  box-sizing:border-box;\n}\n\n#uc_responsive_testemonial_carousel_elementor_4398485 .uc_quote_info .uc_author_avatar {\n  width: 100%;\n}\n\n#uc_responsive_testemonial_carousel_elementor_4398485 .uc_quote_info .uc_author {\n  display: inline-flex;\n  align-items: center; \n    text-align:center;\n  }\n\n#uc_responsive_testemonial_carousel_elementor_4398485 .uc_stars{\n  display:flex;\n}\n\n#uc_responsive_testemonial_carousel_elementor_4398485 .uc_quote_info{\n  display:flex;\n}\n\n#uc_responsive_testemonial_carousel_elementor_4398485 *{\n  outline:none;\n}\n\n#uc_responsive_testemonial_carousel_elementor_4398485 .ue-image{\n  flex-grow:0;\n  flex-shrink:0;\n}\n\n#uc_responsive_testemonial_carousel_elementor_4398485 .uc_quote_info .uc_author_info .uc_company {\n    color: ;\n}\n\n#uc_responsive_testemonial_carousel_elementor_4398485 .ue-image-spacing{\n  flex-grow:0;\n  flex-shrink:0;\n}\n\n#uc_responsive_testemonial_carousel_elementor_4398485 .ue-icon{\n  display:inline-flex;\n  justify-content:center;\n  align-items:center;\n}\n\n#uc_responsive_testemonial_carousel_elementor_4398485 .ue-icon svg{\n  width:1em;\n  height:1em;\n}\n\n#uc_responsive_testemonial_carousel_elementor_4398485 .uc_quote_item,\n#uc_responsive_testemonial_carousel_elementor_4398485 .ue-flip-item-content{\n  transition: all .3s;\n}\n\n\/* end general styles *\/\n\n\/* carousel type owl *\/\n  #uc_responsive_testemonial_carousel_elementor_4398485 .owl-dots {\n    overflow:hidden;\n  }\n\n  #uc_responsive_testemonial_carousel_elementor_4398485 .owl-dot {\n    display:inline-block;\n  }\n\n  #uc_responsive_testemonial_carousel_elementor_4398485 .owl-nav .owl-prev,\n  #uc_responsive_testemonial_carousel_elementor_4398485 .owl-nav .owl-next{\n      position:absolute;\n      display:inline-block;\n      text-align:center;\n  }\n\n  \n  \n\n\/* end carousel type owl *\/\n\n\n\n<\/style>\n\n<div class=\"uc_quote_slider\" style=\"direction:ltr\" >  \n  <!-- carousel type owl -->\n  \t<div class=\"uc_carousel owl-carousel owl-theme uc-items-wrapper  \" id=\"uc_responsive_testemonial_carousel_elementor_4398485\"  >\n      \n\t<div class=\"uc_quote_item ue-item     elementor-repeater-item-5cb7284\">\n    <div class=\"uc_quote_info \">\n                \n\t  <div class=\"uc_author\">\n                          \n\t\t<div class=\"uc_author_info\">\n\t\t  <a href=\"https:\/\/kinematica.ch\/contact\/\" ><div class=\"ue_title\">REPARATUREN<\/div><\/a>\t\t  \t\t<\/div>\n        \n\t  <\/div>      <!-- end of credentials -->\n              \n      <div class=\"ue-text\"><p>Beantragen Sie Reparaturen. Ihr Ger\u00e4t kann eingesendet werden oder wir kommen bei Ihnen vorbei.\n<\/p><\/div>              \n      \t        \n                    \n\t<\/div>   <\/div>\n<!-- end of block item -->\n\n\t<div class=\"uc_quote_item ue-item     elementor-repeater-item-986b6e3\">\n    <div class=\"uc_quote_info \">\n                \n\t  <div class=\"uc_author\">\n                          \n\t\t<div class=\"uc_author_info\">\n\t\t  <a href=\"https:\/\/kinematica.ch\/contact\/\" ><div class=\"ue_title\">GARANTIEVERL\u00c4NGERUN<\/div><\/a>\t\t  \t\t<\/div>\n        \n\t  <\/div>      <!-- end of credentials -->\n              \n      <div class=\"ue-text\"><p>Profitieren Sie von einer sofortigen Garantieverl\u00e4ngerung\n<\/p><\/div>              \n      \t        \n                    \n\t<\/div>   <\/div>\n<!-- end of block item -->\n\n\t<div class=\"uc_quote_item ue-item     elementor-repeater-item-109998a\">\n    <div class=\"uc_quote_info \">\n                \n\t  <div class=\"uc_author\">\n                          \n\t\t<div class=\"uc_author_info\">\n\t\t  <a href=\"https:\/\/kinematica.ch\/contact\/\" ><div class=\"ue_title\">PROTOTYPING<\/div><\/a>\t\t  \t\t<\/div>\n        \n\t  <\/div>      <!-- end of credentials -->\n              \n      <div class=\"ue-text\"><p>Machen Sie mit uns zusammen erste Versuche, Produktentwicklung oder Musterherstellungen. Kontaktieren Sie daf\u00fcr unser Science-Center<\/p><\/div>              \n      \t        \n                    \n\t<\/div>   <\/div>\n<!-- end of block item -->\n\n\t<div class=\"uc_quote_item ue-item     elementor-repeater-item-d19c784\">\n    <div class=\"uc_quote_info \">\n                \n\t  <div class=\"uc_author\">\n                          \n\t\t<div class=\"uc_author_info\">\n\t\t  <a href=\"https:\/\/kinematica.ch\/contact\/\" ><div class=\"ue_title\">KAUFANFRAGE<\/div><\/a>\t\t  \t\t<\/div>\n        \n\t  <\/div>      <!-- end of credentials -->\n              \n      <div class=\"ue-text\"><p>Kontaktieren Sie unser Verkaufs-Team falls Sie Interesse an unseren Maschinen haben oder technische Fragen bestehen.<\/p><\/div>              \n      \t        \n                    \n\t<\/div>   <\/div>\n<!-- end of block item -->\n\n\t<div class=\"uc_quote_item ue-item     elementor-repeater-item-acb47cd\">\n    <div class=\"uc_quote_info \">\n                \n\t  <div class=\"uc_author\">\n                          \n\t\t<div class=\"uc_author_info\">\n\t\t  <a href=\"https:\/\/kinematica.ch\/contact\/\" ><div class=\"ue_title\">PARTNER WERDEN<\/div><\/a>\t\t  \t\t<\/div>\n        \n\t  <\/div>      <!-- end of credentials -->\n              \n      <div class=\"ue-text\"><p>Haben Sie Interesse eine Partnerschaft mit uns einzugehen?. Bitte melden Sie sich gerne bei uns.<\/p><\/div>              \n      \t        \n                    \n\t<\/div>   <\/div>\n<!-- end of block item -->\n\n    <\/div>\t\t\n    <!-- end carousel type owl -->\n\n  <!-- carousel type marquee -->\n    <!-- end carousel type marquee -->\n\n  <!-- carousel type coverflow -->\n    <!-- end carousel type coverflow -->\n\n  <!-- carousel type swipe -->\n    <!-- end carousel type swipe -->\n\n  <!-- carousel type grid -->\n    <!-- end carousel type grid -->\n\n<\/div>\n<!-- end Testimonial Carousel -->\t\t\t\t<\/div>\n\t\t\t\t<\/div>\n\t\t\t\t\t<\/div>\n\t\t\t\t<\/div>\n\t\t<div class=\"elementor-element elementor-element-060c6b3 e-flex e-con-boxed e-con e-child\" data-id=\"060c6b3\" data-element_type=\"container\" data-e-type=\"container\" data-settings=\"{&quot;background_background&quot;:&quot;classic&quot;}\">\n\t\t\t\t\t<div class=\"e-con-inner\">\n\t\t\t\t<div class=\"elementor-element elementor-element-94aeaec elementor-widget elementor-widget-heading\" data-id=\"94aeaec\" data-element_type=\"widget\" data-e-type=\"widget\" data-widget_type=\"heading.default\">\n\t\t\t\t<div class=\"elementor-widget-container\">\n\t\t\t\t\t<h2 class=\"elementor-heading-title elementor-size-default\">IHRE VORTEILE MIT KINEMATICA...<\/h2>\t\t\t\t<\/div>\n\t\t\t\t<\/div>\n\t\t\t\t<div class=\"elementor-element elementor-element-668335e elementor-widget elementor-widget-ucaddon_responsive_testemonial_carousel\" data-id=\"668335e\" data-element_type=\"widget\" data-e-type=\"widget\" data-widget_type=\"ucaddon_responsive_testemonial_carousel.default\">\n\t\t\t\t<div class=\"elementor-widget-container\">\n\t\t\t\t\t\n<!-- start Testimonial Carousel -->\n\n<style>\/* widget: Testimonial Carousel *\/\n\n\/* general styles *\/\n.uc_quote_slider{\n  min-height:1px;\n}\n\n#uc_responsive_testemonial_carousel_elementor_668335e *{\n  box-sizing:border-box;\n}\n\n#uc_responsive_testemonial_carousel_elementor_668335e .uc_quote_info .uc_author_avatar {\n  width: 100%;\n}\n\n#uc_responsive_testemonial_carousel_elementor_668335e .uc_quote_info .uc_author {\n  display: inline-flex;\n  align-items: center; \n    text-align:center;\n  }\n\n#uc_responsive_testemonial_carousel_elementor_668335e .uc_stars{\n  display:flex;\n}\n\n#uc_responsive_testemonial_carousel_elementor_668335e .uc_quote_info{\n  display:flex;\n}\n\n#uc_responsive_testemonial_carousel_elementor_668335e *{\n  outline:none;\n}\n\n#uc_responsive_testemonial_carousel_elementor_668335e .ue-image{\n  flex-grow:0;\n  flex-shrink:0;\n}\n\n#uc_responsive_testemonial_carousel_elementor_668335e .uc_quote_info .uc_author_info .uc_company {\n    color: ;\n}\n\n#uc_responsive_testemonial_carousel_elementor_668335e .ue-image-spacing{\n  flex-grow:0;\n  flex-shrink:0;\n}\n\n#uc_responsive_testemonial_carousel_elementor_668335e .ue-icon{\n  display:inline-flex;\n  justify-content:center;\n  align-items:center;\n}\n\n#uc_responsive_testemonial_carousel_elementor_668335e .ue-icon svg{\n  width:1em;\n  height:1em;\n}\n\n#uc_responsive_testemonial_carousel_elementor_668335e .uc_quote_item,\n#uc_responsive_testemonial_carousel_elementor_668335e .ue-flip-item-content{\n  transition: all .3s;\n}\n\n\/* end general styles *\/\n\n\/* carousel type owl *\/\n  #uc_responsive_testemonial_carousel_elementor_668335e .owl-dots {\n    overflow:hidden;\n  }\n\n  #uc_responsive_testemonial_carousel_elementor_668335e .owl-dot {\n    display:inline-block;\n  }\n\n  #uc_responsive_testemonial_carousel_elementor_668335e .owl-nav .owl-prev,\n  #uc_responsive_testemonial_carousel_elementor_668335e .owl-nav .owl-next{\n      position:absolute;\n      display:inline-block;\n      text-align:center;\n  }\n\n  \n  \n\n\/* end carousel type owl *\/\n\n\n\n<\/style>\n\n<div class=\"uc_quote_slider\" style=\"direction:ltr\" >  \n  <!-- carousel type owl -->\n  \t<div class=\"uc_carousel owl-carousel owl-theme uc-items-wrapper  \" id=\"uc_responsive_testemonial_carousel_elementor_668335e\"  >\n      \n\t<div class=\"uc_quote_item ue-item     elementor-repeater-item-5cb7284\">\n    <div class=\"uc_quote_info \">\n                \n\t  <div class=\"uc_author\">\n                  <div class=\"ue-image\">\n\t        <img decoding=\"async\" decoding=\"async\" class=\"uc_author_avatar lazyload\" data-src=\"https:\/\/kinematica.ch\/wp-content\/uploads\/2025\/06\/KIN_Icon_Benefit_Quality_rgb.png\" height=\"48\" width=\"48\" alt=\"\" src=\"data:image\/svg+xml;base64,PHN2ZyB3aWR0aD0iMSIgaGVpZ2h0PSIxIiB4bWxucz0iaHR0cDovL3d3dy53My5vcmcvMjAwMC9zdmciPjwvc3ZnPg==\" style=\"--smush-placeholder-width: 48px; --smush-placeholder-aspect-ratio: 48\/48;\" data-srcset=\"https:\/\/kinematica.ch\/wp-content\/uploads\/2025\/06\/KIN_Icon_Benefit_Quality_rgb.png 272w, https:\/\/kinematica.ch\/wp-content\/uploads\/2025\/06\/KIN_Icon_Benefit_Quality_rgb-54x54.png 54w, https:\/\/kinematica.ch\/wp-content\/uploads\/2025\/06\/KIN_Icon_Benefit_Quality_rgb-150x150.png 150w\" data-sizes=\"auto\" data-original-sizes=\"(max-width: 48px) 100vw, 48px\" \/>\n          <\/div>\n          <div class=\"ue-image-spacing\"><\/div>\n                          \n\t\t<div class=\"uc_author_info\">\n\t\t  <div class=\"ue_title\">KOMPROMISSLOSE QUALIT\u00c4T<\/div>\t\t  \t\t<\/div>\n        \n\t  <\/div>      <!-- end of credentials -->\n              \n      <div class=\"ue-text\"><p><div style=\"display:block;padding-left:40px; padding-right:40px;\">Hochwertige Materialien wie etwa 316L (Standard), Inconel, Hastelloy, Titan, SuperDuplex<br>Mechanische Einzel- \/ Doppel- \/Cartridge-Gleitringdichtungen f\u00fcr ein h\u00f6chstm\u00f6gliches Sicherheitsniveau: keine Lecks und vollst\u00e4ndig zertifizierte L\u00f6sungen<br>Herausragende Antriebssysteme:\nmit Direktantrieb oder Riementrieb, luft- oder wassergek\u00fchlt<\/div>\n<\/p><\/div>              \n      \t        \n                    \n\t<\/div>   <\/div>\n<!-- end of block item -->\n\n\t<div class=\"uc_quote_item ue-item     elementor-repeater-item-986b6e3\">\n    <div class=\"uc_quote_info \">\n                \n\t  <div class=\"uc_author\">\n                  <div class=\"ue-image\">\n\t        <img decoding=\"async\" decoding=\"async\" class=\"uc_author_avatar lazyload\" data-src=\"https:\/\/kinematica.ch\/wp-content\/uploads\/2025\/06\/KIN_Icon_Benefit_Speed_rgb.png\" height=\"48\" width=\"48\" alt=\"\" src=\"data:image\/svg+xml;base64,PHN2ZyB3aWR0aD0iMSIgaGVpZ2h0PSIxIiB4bWxucz0iaHR0cDovL3d3dy53My5vcmcvMjAwMC9zdmciPjwvc3ZnPg==\" style=\"--smush-placeholder-width: 48px; --smush-placeholder-aspect-ratio: 48\/48;\" data-srcset=\"https:\/\/kinematica.ch\/wp-content\/uploads\/2025\/06\/KIN_Icon_Benefit_Speed_rgb.png 272w, https:\/\/kinematica.ch\/wp-content\/uploads\/2025\/06\/KIN_Icon_Benefit_Speed_rgb-54x54.png 54w, https:\/\/kinematica.ch\/wp-content\/uploads\/2025\/06\/KIN_Icon_Benefit_Speed_rgb-150x150.png 150w\" data-sizes=\"auto\" data-original-sizes=\"(max-width: 48px) 100vw, 48px\" \/>\n          <\/div>\n          <div class=\"ue-image-spacing\"><\/div>\n                          \n\t\t<div class=\"uc_author_info\">\n\t\t  <div class=\"ue_title\">BRANCHENF\u00dcHRENDE LEISTUNGEN<\/div>\t\t  \t\t<\/div>\n        \n\t  <\/div>      <!-- end of credentials -->\n              \n      <div class=\"ue-text\"><p><div style=\"display:block;padding-left:40px; padding-right:40px;\">\nUmfangsgeschwindigkeiten von bis zu 65 m\/s und Scherraten bis zu 300 000 s-1\n\n<br>Enge und kontrollierte Gr\u00f6ssenverteilung von Partikeln \/ Tropfen im Mikro- \/ Nanometerbereich mit h\u00f6chster Reproduzierbarkeit<br><br><br>Rasche Homogenisierung f\u00fcr maximale Prozesseffizienz f\u00fcr Viskosit\u00e4ten von bis zu 50 000 mPa-s<br> <br><\/div><\/p><\/div>              \n      \t        \n                    \n\t<\/div>   <\/div>\n<!-- end of block item -->\n\n\t<div class=\"uc_quote_item ue-item     elementor-repeater-item-109998a\">\n    <div class=\"uc_quote_info \">\n                \n\t  <div class=\"uc_author\">\n                  <div class=\"ue-image\">\n\t        <img decoding=\"async\" decoding=\"async\" class=\"uc_author_avatar lazyload\" data-src=\"https:\/\/kinematica.ch\/wp-content\/uploads\/2025\/06\/KIN_Icon_Benefit_Scalability_rgb.png\" height=\"48\" width=\"48\" alt=\"\" src=\"data:image\/svg+xml;base64,PHN2ZyB3aWR0aD0iMSIgaGVpZ2h0PSIxIiB4bWxucz0iaHR0cDovL3d3dy53My5vcmcvMjAwMC9zdmciPjwvc3ZnPg==\" style=\"--smush-placeholder-width: 48px; --smush-placeholder-aspect-ratio: 48\/48;\" data-srcset=\"https:\/\/kinematica.ch\/wp-content\/uploads\/2025\/06\/KIN_Icon_Benefit_Scalability_rgb.png 272w, https:\/\/kinematica.ch\/wp-content\/uploads\/2025\/06\/KIN_Icon_Benefit_Scalability_rgb-54x54.png 54w, https:\/\/kinematica.ch\/wp-content\/uploads\/2025\/06\/KIN_Icon_Benefit_Scalability_rgb-150x150.png 150w\" data-sizes=\"auto\" data-original-sizes=\"(max-width: 48px) 100vw, 48px\" \/>\n          <\/div>\n          <div class=\"ue-image-spacing\"><\/div>\n                          \n\t\t<div class=\"uc_author_info\">\n\t\t  <div class=\"ue_title\">UNVERGLEICHLICHE AUSWAHL UND SKALIERBARKEIT<\/div>\t\t  \t\t<\/div>\n        \n\t  <\/div>      <!-- end of credentials -->\n              \n      <div class=\"ue-text\"><p><div style=\"display:block;padding-left:40px; padding-right:40px;\">\nMehr als 80 Dispergieraggregate mit patentierten Geometrien\n\n<br>Durchsatzraten von 5 l\/min bis zu 250 000 l\/h mit ein- oder mehrstufigen, modularen Arbeitskammern<br><br><br>Systemoptionen f\u00fcr sterile und explosionssichere Umgebungen (ATEX)<br><\/div><\/p><\/div>              \n      \t        \n                    \n\t<\/div>   <\/div>\n<!-- end of block item -->\n\n\t<div class=\"uc_quote_item ue-item     elementor-repeater-item-d19c784\">\n    <div class=\"uc_quote_info \">\n                \n\t  <div class=\"uc_author\">\n                  <div class=\"ue-image\">\n\t        <img decoding=\"async\" class=\"uc_author_avatar lazyload\" data-src=\"https:\/\/kinematica.ch\/wp-content\/uploads\/2025\/06\/KIN_Icon_Benefit_Easy_Use_rgb.png\" height=\"48\" width=\"48\" alt=\"\" src=\"data:image\/svg+xml;base64,PHN2ZyB3aWR0aD0iMSIgaGVpZ2h0PSIxIiB4bWxucz0iaHR0cDovL3d3dy53My5vcmcvMjAwMC9zdmciPjwvc3ZnPg==\" style=\"--smush-placeholder-width: 48px; --smush-placeholder-aspect-ratio: 48\/48;\" data-srcset=\"https:\/\/kinematica.ch\/wp-content\/uploads\/2025\/06\/KIN_Icon_Benefit_Easy_Use_rgb.png 272w, https:\/\/kinematica.ch\/wp-content\/uploads\/2025\/06\/KIN_Icon_Benefit_Easy_Use_rgb-54x54.png 54w, https:\/\/kinematica.ch\/wp-content\/uploads\/2025\/06\/KIN_Icon_Benefit_Easy_Use_rgb-150x150.png 150w\" data-sizes=\"auto\" data-original-sizes=\"(max-width: 48px) 100vw, 48px\" \/>\n          <\/div>\n          <div class=\"ue-image-spacing\"><\/div>\n                          \n\t\t<div class=\"uc_author_info\">\n\t\t  <div class=\"ue_title\">EINFACHE BEDIENUNG<\/div>\t\t  \t\t<\/div>\n        \n\t  <\/div>      <!-- end of credentials -->\n              \n      <div class=\"ue-text\"><p><div style=\"display:block;padding-left:40px; padding-right:40px;\">\nEinfache Handhabung der Aggregate durch einzigartige patentierte Schnellkupplungen\n\n<br><br>Innovatives Easy-Clean-Design fu\u0308r CIP (Cleaning in Place) und \/ oder SIP (Sterilisation in Place)<br><br><br>Steuerungen \/ Anzeigen mit intuitiver Bedienung\n<\/div><\/p><\/div>              \n      \t        \n                    \n\t<\/div>   <\/div>\n<!-- end of block item -->\n\n\t<div class=\"uc_quote_item ue-item     elementor-repeater-item-acb47cd\">\n    <div class=\"uc_quote_info \">\n                \n\t  <div class=\"uc_author\">\n                  <div class=\"ue-image\">\n\t        <img decoding=\"async\" class=\"uc_author_avatar lazyload\" data-src=\"https:\/\/kinematica.ch\/wp-content\/uploads\/2025\/06\/KIN_Icon_Benefit_Protection_rgb.png\" height=\"48\" width=\"48\" alt=\"\" src=\"data:image\/svg+xml;base64,PHN2ZyB3aWR0aD0iMSIgaGVpZ2h0PSIxIiB4bWxucz0iaHR0cDovL3d3dy53My5vcmcvMjAwMC9zdmciPjwvc3ZnPg==\" style=\"--smush-placeholder-width: 48px; --smush-placeholder-aspect-ratio: 48\/48;\" data-srcset=\"https:\/\/kinematica.ch\/wp-content\/uploads\/2025\/06\/KIN_Icon_Benefit_Protection_rgb.png 272w, https:\/\/kinematica.ch\/wp-content\/uploads\/2025\/06\/KIN_Icon_Benefit_Protection_rgb-54x54.png 54w, https:\/\/kinematica.ch\/wp-content\/uploads\/2025\/06\/KIN_Icon_Benefit_Protection_rgb-150x150.png 150w\" data-sizes=\"auto\" data-original-sizes=\"(max-width: 48px) 100vw, 48px\" \/>\n          <\/div>\n          <div class=\"ue-image-spacing\"><\/div>\n                          \n\t\t<div class=\"uc_author_info\">\n\t\t  <div class=\"ue_title\">INVESTITIONSSCHUTZ<\/div>\t\t  \t\t<\/div>\n        \n\t  <\/div>      <!-- end of credentials -->\n              \n      <div class=\"ue-text\"><p><div style=\"display:block;padding-left:40px; padding-right:40px;\">\nBranchenf\u00fchrende Ger\u00e4tehaltbarkeit mit geringen Betriebskosten (OPEX) und schneller Anlagenrendite (ROI)\n\n<br><br>Umfassendes Service-und Engineering-Angebot (bspw. Probentests f\u00fcr Machbarkeitsstudien,<br>Prozessauslegungen, etc.)<br><br><br>G\u00fcnstige Miet- und Kaufoptionen f\u00fcr Testger\u00e4te und Pilotanlagen\n<\/div><\/p><\/div>              \n      \t        \n                    \n\t<\/div>   <\/div>\n<!-- end of block item -->\n\n\t<div class=\"uc_quote_item ue-item     elementor-repeater-item-c22017b\">\n    <div class=\"uc_quote_info \">\n                \n\t  <div class=\"uc_author\">\n                  <div class=\"ue-image\">\n\t        <img decoding=\"async\" class=\"uc_author_avatar lazyload\" data-src=\"https:\/\/kinematica.ch\/wp-content\/uploads\/2025\/06\/KIN_Icon_Benefit_Industry_4_rgb.png\" height=\"48\" width=\"48\" alt=\"\" src=\"data:image\/svg+xml;base64,PHN2ZyB3aWR0aD0iMSIgaGVpZ2h0PSIxIiB4bWxucz0iaHR0cDovL3d3dy53My5vcmcvMjAwMC9zdmciPjwvc3ZnPg==\" style=\"--smush-placeholder-width: 48px; --smush-placeholder-aspect-ratio: 48\/48;\" data-srcset=\"https:\/\/kinematica.ch\/wp-content\/uploads\/2025\/06\/KIN_Icon_Benefit_Industry_4_rgb.png 272w, https:\/\/kinematica.ch\/wp-content\/uploads\/2025\/06\/KIN_Icon_Benefit_Industry_4_rgb-54x54.png 54w, https:\/\/kinematica.ch\/wp-content\/uploads\/2025\/06\/KIN_Icon_Benefit_Industry_4_rgb-150x150.png 150w\" data-sizes=\"auto\" data-original-sizes=\"(max-width: 48px) 100vw, 48px\" \/>\n          <\/div>\n          <div class=\"ue-image-spacing\"><\/div>\n                          \n\t\t<div class=\"uc_author_info\">\n\t\t  <div class=\"ue_title\">MIT DER WELT VERBUNDEN<\/div>\t\t  \t\t<\/div>\n        \n\t  <\/div>      <!-- end of credentials -->\n              \n      <div class=\"ue-text\"><p><div style=\"display:block;padding-left:40px; padding-right:40px;\">\nRoadmap fu\u0308r die Konformit\u00e4t mit Industrie 4.0 betreffend Einhaltung industrieller Internetnormen (z.B. Ger\u00e4te durch Web-App steuerbar)\n\nDirekt in Cloud-basierten Diensten und integrierbaren Ger\u00e4ten erh\u00e4ltlich, um Datenanalysen ausf\u00fchren zu k\u00f6nnen<br><br>In offene Plattformarchitekturen integrierbare Ger\u00e4te erh\u00e4ltlich, um eine \u00abSmart Production\u00bb zu erm\u00f6glichen<\/div><\/p><\/div>              \n      \t        \n                    \n\t<\/div>   <\/div>\n<!-- end of block item -->\n\n    <\/div>\t\t\n    <!-- end carousel type owl -->\n\n  <!-- carousel type marquee -->\n    <!-- end carousel type marquee -->\n\n  <!-- carousel type coverflow -->\n    <!-- end carousel type coverflow -->\n\n  <!-- carousel type swipe -->\n    <!-- end carousel type swipe -->\n\n  <!-- carousel type grid -->\n    <!-- end carousel type grid -->\n\n<\/div>\n<!-- end Testimonial Carousel -->\t\t\t\t<\/div>\n\t\t\t\t<\/div>\n\t\t\t\t\t<\/div>\n\t\t\t\t<\/div>\n\t\t\t\t<\/div>\n\t\t","protected":false},"excerpt":{"rendered":"<p>Dienstleistungen Entdecken Sie unsere vielf\u00e4ltigen Dienstleistungen. KONTAKT REPARATUREN Beantragen Sie Reparaturen. Ihr Ger\u00e4t kann eingesendet werden oder wir kommen bei Ihnen vorbei. GARANTIEVERL\u00c4NGERUN Profitieren Sie von einer sofortigen Garantieverl\u00e4ngerung PROTOTYPING Machen Sie mit uns zusammen erste Versuche, Produktentwicklung oder Musterherstellungen. Kontaktieren Sie daf\u00fcr unser Science-Center KAUFANFRAGE Kontaktieren Sie unser Verkaufs-Team falls Sie Interesse an unseren<\/p>\n<div class=\"klb-readmore post-buttons\"><a class=\"btn btn-black btn-rounded\" href=\"https:\/\/kinematica.ch\/de\/dienstleistungen\/\">Read More <i class=\"klbth-icon-right-arrow\"><\/i><\/a><\/div>\n","protected":false},"author":1,"featured_media":0,"parent":0,"menu_order":0,"comment_status":"closed","ping_status":"closed","template":"","meta":{"_acf_changed":false,"footnotes":""},"class_list":["post-8832","page","type-page","status-publish","hentry"],"acf":[],"_links":{"self":[{"href":"https:\/\/kinematica.ch\/de\/wp-json\/wp\/v2\/pages\/8832","targetHints":{"allow":["GET"]}}],"collection":[{"href":"https:\/\/kinematica.ch\/de\/wp-json\/wp\/v2\/pages"}],"about":[{"href":"https:\/\/kinematica.ch\/de\/wp-json\/wp\/v2\/types\/page"}],"author":[{"embeddable":true,"href":"https:\/\/kinematica.ch\/de\/wp-json\/wp\/v2\/users\/1"}],"replies":[{"embeddable":true,"href":"https:\/\/kinematica.ch\/de\/wp-json\/wp\/v2\/comments?post=8832"}],"version-history":[{"count":0,"href":"https:\/\/kinematica.ch\/de\/wp-json\/wp\/v2\/pages\/8832\/revisions"}],"wp:attachment":[{"href":"https:\/\/kinematica.ch\/de\/wp-json\/wp\/v2\/media?parent=8832"}],"curies":[{"name":"wp","href":"https:\/\/api.w.org\/{rel}","templated":true}]}}