{"id":8818,"date":"2025-06-16T13:38:06","date_gmt":"2025-06-16T11:38:06","guid":{"rendered":"https:\/\/kinematica.ch\/geschichte\/"},"modified":"2025-09-16T10:04:47","modified_gmt":"2025-09-16T08:04:47","slug":"geschichte","status":"publish","type":"page","link":"https:\/\/kinematica.ch\/de\/geschichte\/","title":{"rendered":"Geschichte"},"content":{"rendered":"\t\t<div data-elementor-type=\"wp-page\" data-elementor-id=\"8818\" class=\"elementor elementor-8818 elementor-5844\" data-elementor-post-type=\"page\">\n\t\t\t\t<div class=\"elementor-element elementor-element-53abc3d2 e-con-full e-flex e-con e-parent\" data-id=\"53abc3d2\" data-element_type=\"container\" data-e-type=\"container\" data-settings=\"{&quot;background_background&quot;:&quot;classic&quot;}\">\n\t\t<div class=\"elementor-element elementor-element-1dba9123 e-flex e-con-boxed e-con e-child\" data-id=\"1dba9123\" data-element_type=\"container\" data-e-type=\"container\">\n\t\t\t\t\t<div class=\"e-con-inner\">\n\t\t\t\t<div class=\"elementor-element elementor-element-6372b24e elementor-widget elementor-widget-heading\" data-id=\"6372b24e\" data-element_type=\"widget\" data-e-type=\"widget\" data-widget_type=\"heading.default\">\n\t\t\t\t<div class=\"elementor-widget-container\">\n\t\t\t\t\t<h2 class=\"elementor-heading-title elementor-size-default\">Unsere Geschichte. Ihr Mehrwert. <\/h2>\t\t\t\t<\/div>\n\t\t\t\t<\/div>\n\t\t\t\t<div class=\"elementor-element elementor-element-6d73e1ab elementor-widget elementor-widget-text-editor\" data-id=\"6d73e1ab\" data-element_type=\"widget\" data-e-type=\"widget\" data-widget_type=\"text-editor.default\">\n\t\t\t\t<div class=\"elementor-widget-container\">\n\t\t\t\t\t\t\t\t\t<p>Kinematica: von der Schweiz aus in die ganze Welt.<\/p>\t\t\t\t\t\t\t\t<\/div>\n\t\t\t\t<\/div>\n\t\t\t\t\t<\/div>\n\t\t\t\t<\/div>\n\t\t<div class=\"elementor-element elementor-element-6ce80660 e-con-full elementor-hidden-mobile e-flex e-con e-child\" data-id=\"6ce80660\" data-element_type=\"container\" data-e-type=\"container\" data-settings=\"{&quot;background_background&quot;:&quot;classic&quot;}\">\n\t\t\t\t<\/div>\n\t\t\t\t<\/div>\n\t\t<div class=\"elementor-element elementor-element-2aded78b e-flex e-con-boxed e-con e-parent\" data-id=\"2aded78b\" data-element_type=\"container\" data-e-type=\"container\" data-settings=\"{&quot;background_background&quot;:&quot;classic&quot;}\">\n\t\t\t\t\t<div class=\"e-con-inner\">\n\t\t<div class=\"elementor-element elementor-element-acc8696 e-con-full e-flex e-con e-child\" data-id=\"acc8696\" data-element_type=\"container\" data-e-type=\"container\">\n\t\t\t\t<div class=\"elementor-element elementor-element-7759859 elementor-widget elementor-widget-text-editor\" data-id=\"7759859\" data-element_type=\"widget\" data-e-type=\"widget\" data-widget_type=\"text-editor.default\">\n\t\t\t\t<div class=\"elementor-widget-container\">\n\t\t\t\t\t\t\t\t\t<p>Seit der Gr\u00fcndung der Kinematica im Jahr 1962 bildet Innovation ein Grundpfeiler unserer Entwicklungsstrategie. <\/p><p>Nachdem Professor Willems die Industrie mit seiner Rotor \/ Stator-Erfindung revolutioniert hatte, setzte die Kinematica die Perfektionierung der Technik durch Individualisierung und Entwicklung ihrer L\u00f6sung fort, um selbst den anspruchsvollsten Anwendungen gerecht zu werden. Unser Engagement, durch den Einsatz modernster und aktuellster Technologie stetig neue Trends und Massst\u00e4be in verschiedenen Industriebereichen zu setzen, ist ungebrochen. Unsere Produkte unterst\u00fctzen dabei weltweit tausende von Endnutzern bei ihren Anwendungen und neuen Herausforderungen. <\/p><p>\u00abHomogenizing perfected.\u00bb oder die Findung der bestm\u00f6glichen, idealen L\u00f6sung f\u00fcr Ihre Homogenisieraufgabe wird stets im Zentrum unserer Firmenpolitik stehen. Tiefere Integration der Technologie f\u00fcr eine \u00abvernetzte Welt\u00bb bei kompromissloser Qualit\u00e4t und Leistung sind aktuelle Themen, bei denen wir unser vollstes Engagement f\u00fcr Sie einsetzen. Wir freuen uns darauf, mit Ihnen diese spannende Reise fortzusetzen und blicken gemeinsam in Richtung einer vielversprechenden und erfolgreichen Zukunft. <\/p>\t\t\t\t\t\t\t\t<\/div>\n\t\t\t\t<\/div>\n\t\t\t\t<\/div>\n\t\t\t\t\t<\/div>\n\t\t\t\t<\/div>\n\t\t<div class=\"elementor-element elementor-element-278c543e e-flex e-con-boxed e-con e-child\" data-id=\"278c543e\" data-element_type=\"container\" data-e-type=\"container\" data-settings=\"{&quot;background_background&quot;:&quot;classic&quot;}\">\n\t\t\t\t\t<div class=\"e-con-inner\">\n\t\t\t\t<div class=\"elementor-element elementor-element-2e944b30 elementor-widget elementor-widget-heading\" data-id=\"2e944b30\" data-element_type=\"widget\" data-e-type=\"widget\" data-widget_type=\"heading.default\">\n\t\t\t\t<div class=\"elementor-widget-container\">\n\t\t\t\t\t<h2 class=\"elementor-heading-title elementor-size-default\">GESCHICHTE<\/h2>\t\t\t\t<\/div>\n\t\t\t\t<\/div>\n\t\t\t\t<div class=\"elementor-element elementor-element-600ef936 elementor-widget elementor-widget-ucaddon_responsive_testemonial_carousel\" data-id=\"600ef936\" data-element_type=\"widget\" data-e-type=\"widget\" data-widget_type=\"ucaddon_responsive_testemonial_carousel.default\">\n\t\t\t\t<div class=\"elementor-widget-container\">\n\t\t\t\t\t\n<!-- start Testimonial Carousel -->\n\t\t<link id='font-awesome-css' href='https:\/\/kinematica.ch\/wp-content\/plugins\/unlimited-elements-for-elementor-premium\/assets_libraries\/font-awesome6\/fontawesome-all.min.css' type='text\/css' rel='stylesheet' >\n\t\t<link id='font-awesome-4-shim-css' href='https:\/\/kinematica.ch\/wp-content\/plugins\/unlimited-elements-for-elementor-premium\/assets_libraries\/font-awesome6\/fontawesome-v4-shims.min.css' type='text\/css' rel='stylesheet' >\n\t\t<link id='owl-carousel-css' href='https:\/\/kinematica.ch\/wp-content\/plugins\/unlimited-elements-for-elementor-premium\/assets_libraries\/owl-carousel-new\/assets\/owl.carousel.css' type='text\/css' rel='stylesheet' >\n\n<style>\/* widget: Testimonial Carousel *\/\n\n\/* general styles *\/\n.uc_quote_slider{\n  min-height:1px;\n}\n\n#uc_responsive_testemonial_carousel_elementor_600ef936 *{\n  box-sizing:border-box;\n}\n\n#uc_responsive_testemonial_carousel_elementor_600ef936 .uc_quote_info .uc_author_avatar {\n  width: 100%;\n}\n\n#uc_responsive_testemonial_carousel_elementor_600ef936 .uc_quote_info .uc_author {\n  display: inline-flex;\n  align-items: center; \n    text-align:center;\n  }\n\n#uc_responsive_testemonial_carousel_elementor_600ef936 .uc_stars{\n  display:flex;\n}\n\n#uc_responsive_testemonial_carousel_elementor_600ef936 .uc_quote_info{\n  display:flex;\n}\n\n#uc_responsive_testemonial_carousel_elementor_600ef936 *{\n  outline:none;\n}\n\n#uc_responsive_testemonial_carousel_elementor_600ef936 .ue-image{\n  flex-grow:0;\n  flex-shrink:0;\n}\n\n#uc_responsive_testemonial_carousel_elementor_600ef936 .uc_quote_info .uc_author_info .uc_company {\n    color: ;\n}\n\n#uc_responsive_testemonial_carousel_elementor_600ef936 .ue-image-spacing{\n  flex-grow:0;\n  flex-shrink:0;\n}\n\n#uc_responsive_testemonial_carousel_elementor_600ef936 .ue-icon{\n  display:inline-flex;\n  justify-content:center;\n  align-items:center;\n}\n\n#uc_responsive_testemonial_carousel_elementor_600ef936 .ue-icon svg{\n  width:1em;\n  height:1em;\n}\n\n#uc_responsive_testemonial_carousel_elementor_600ef936 .uc_quote_item,\n#uc_responsive_testemonial_carousel_elementor_600ef936 .ue-flip-item-content{\n  transition: all .3s;\n}\n\n\/* end general styles *\/\n\n\/* carousel type owl *\/\n  #uc_responsive_testemonial_carousel_elementor_600ef936 .owl-dots {\n    overflow:hidden;\n  }\n\n  #uc_responsive_testemonial_carousel_elementor_600ef936 .owl-dot {\n    display:inline-block;\n  }\n\n  #uc_responsive_testemonial_carousel_elementor_600ef936 .owl-nav .owl-prev,\n  #uc_responsive_testemonial_carousel_elementor_600ef936 .owl-nav .owl-next{\n      position:absolute;\n      display:inline-block;\n      text-align:center;\n  }\n\n  \n  \n\n\/* end carousel type owl *\/\n\n\n\n<\/style>\n\n<div class=\"uc_quote_slider\" style=\"direction:ltr\" >  \n  <!-- carousel type owl -->\n  \t<div class=\"uc_carousel owl-carousel owl-theme uc-items-wrapper  \" id=\"uc_responsive_testemonial_carousel_elementor_600ef936\"  >\n      \n\t<div class=\"uc_quote_item ue-item     elementor-repeater-item-5cb7284\">\n    <div class=\"uc_quote_info \">\n                \n\t  <div class=\"uc_author\">\n                          \n\t\t<div class=\"uc_author_info\">\n\t\t  <a href=\"https:\/\/kinematica.ch\/contact-us\/\" ><div class=\"ue_title\">1988 \/ 1990<\/div><\/a>\t\t  \t\t<\/div>\n        \n\t  <\/div>      <!-- end of credentials -->\n              \n      <div class=\"ue-text\"><p><div style=\"display:block;padding-left:40px; padding-right:40px;\">Kinematica f\u00fchrt das weltweit erste\nHand-Homogenisierger\u00e4t ein, den<br>POLYTRON\u00ae PT 1200 C, dessen prim\u00e4rer Zweck die Sicherheit des Bedieners ist.<br><br><br>Bald darauf wird im Rahmen der POLYTRON\u00ae PT 3000 \/ PT 6000-Serien das erste mit einem Display ausgestattete Dispergierger\u00e4t auf den Mark gebracht.<\/div>\n<\/p><\/div>              \n      \t        \n                    \n\t<\/div>   <\/div>\n<!-- end of block item -->\n\n\t<div class=\"uc_quote_item ue-item     elementor-repeater-item-986b6e3\">\n    <div class=\"uc_quote_info \">\n                \n\t  <div class=\"uc_author\">\n                          \n\t\t<div class=\"uc_author_info\">\n\t\t  <a href=\"https:\/\/kinematica.ch\/contact-us\/\" ><div class=\"ue_title\">2000 \/ 2002<\/div><\/a>\t\t  \t\t<\/div>\n        \n\t  <\/div>      <!-- end of credentials -->\n              \n      <div class=\"ue-text\"><p><div style=\"display:block;padding-left:40px; padding-right:40px;\">\nKinematica f\u00fchrt die Hochleistungs-Schaumaufschlagbaureihe MEGATRON\u00ae MT-FM ein:\n <br><br>Das erste Homogenisierger\u00e4t, das stabile Sch\u00e4ume mit Mikro-Blasengr\u00f6ssen bietet. Die inno-<br>vative 2-in-1-Architektur des MEGATRON\u00ae Pulvereinsaug-Dispergierger\u00e4ts wird patentiert. <\/div><\/p><\/div>              \n      \t        \n                    \n\t<\/div>   <\/div>\n<!-- end of block item -->\n\n\t<div class=\"uc_quote_item ue-item     elementor-repeater-item-109998a\">\n    <div class=\"uc_quote_info \">\n                \n\t  <div class=\"uc_author\">\n                          \n\t\t<div class=\"uc_author_info\">\n\t\t  <a href=\"https:\/\/kinematica.ch\/contact-us\/\" ><div class=\"ue_title\">2005 \/ 2010<\/div><\/a>\t\t  \t\t<\/div>\n        \n\t  <\/div>      <!-- end of credentials -->\n              \n      <div class=\"ue-text\"><p><div style=\"display:block;padding-left:40px; padding-right:40px;\">\nDas erste mit einer Membran ausgestattete In-Line Homogenisierger\u00e4t, MEGATRON\u00ae MT-MM, kommt auf den Markt.\n  <br><br>Spezialisiert f\u00fcr Anwendungen, welche eine enge Partikelgr\u00f6ssenverteilung erfordern und dabei einen geringen Energieeintrag aufweisen. Das MEGATRON\u00ae MT-SHS mit Scherraten von bis zu 300 000 s-1 wird eingef\u00fchrt. \n<\/div><\/p><\/div>              \n      \t        \n                    \n\t<\/div>   <\/div>\n<!-- end of block item -->\n\n\t<div class=\"uc_quote_item ue-item     elementor-repeater-item-d19c784\">\n    <div class=\"uc_quote_info \">\n                \n\t  <div class=\"uc_author\">\n                          \n\t\t<div class=\"uc_author_info\">\n\t\t  <a href=\"https:\/\/kinematica.ch\/contact-us\/\" ><div class=\"ue_title\">2018<\/div><\/a>\t\t  \t\t<\/div>\n        \n\t  <\/div>      <!-- end of credentials -->\n              \n      <div class=\"ue-text\"><p><div style=\"display:block;padding-left:40px; padding-right:40px;\">\nKINEMATICA ebnet den Weg in ein neues Zeitalter an Dispergier- und Homogenisierl\u00f6sungen.\n<\/div><\/p><\/div>              \n      \t        \n                    \n\t<\/div>   <\/div>\n<!-- end of block item -->\n\n\t<div class=\"uc_quote_item ue-item     elementor-repeater-item-acb47cd\">\n    <div class=\"uc_quote_info \">\n                \n\t  <div class=\"uc_author\">\n                          \n\t\t<div class=\"uc_author_info\">\n\t\t  <a href=\"https:\/\/kinematica.ch\/contact-us\/\" ><div class=\"ue_title\">2023<\/div><\/a>\t\t  \t\t<\/div>\n        \n\t  <\/div>      <!-- end of credentials -->\n              \n      <div class=\"ue-text\"><p><div style=\"display:block;padding-left:40px; padding-right:40px;\">\nKinematica stellt die neueste Entwicklung vor: ATOMIX\u00ae HPH Der erste Hochdruckhomogenisator!<br>\n <br> <br>\n<\/div><\/p><\/div>              \n      \t        \n                    \n\t<\/div>   <\/div>\n<!-- end of block item -->\n\n\t<div class=\"uc_quote_item ue-item     elementor-repeater-item-c22017b\">\n    <div class=\"uc_quote_info \">\n                \n\t  <div class=\"uc_author\">\n                          \n\t\t<div class=\"uc_author_info\">\n\t\t  <div class=\"ue_title\">MIT DER WELT VERBUNDEN<\/div>\t\t  \t\t<\/div>\n        \n\t  <\/div>      <!-- end of credentials -->\n              \n      <div class=\"ue-text\"><p><div style=\"display:block;padding-left:40px; padding-right:40px;\">\nHochwertige Materialien wie 316L (Standard), Inconel, Hastelloy, Titan, SuperDuplex<br>\nEinfach-\/Doppel-\/Kartuschen-Gleitringdichtungen f\u00fcr h\u00f6chste Sicherheit: leckagefreie und vollst\u00e4ndig zertifizierte L\u00f6sungen<br>\n\u00dcberlegenes Antriebssystemdesign: Direktantrieb, Riemenantrieb und wassergek\u00fchlt<\/div><\/p><\/div>              \n      \t        \n                    \n\t<\/div>   <\/div>\n<!-- end of block item -->\n\n    <\/div>\t\t\n    <!-- end carousel type owl -->\n\n  <!-- carousel type marquee -->\n    <!-- end carousel type marquee -->\n\n  <!-- carousel type coverflow -->\n    <!-- end carousel type coverflow -->\n\n  <!-- carousel type swipe -->\n    <!-- end carousel type swipe -->\n\n  <!-- carousel type grid -->\n    <!-- end carousel type grid -->\n\n<\/div>\n<!-- end Testimonial Carousel -->\t\t\t\t<\/div>\n\t\t\t\t<\/div>\n\t\t\t\t\t<\/div>\n\t\t\t\t<\/div>\n\t\t\t\t<\/div>\n\t\t","protected":false},"excerpt":{"rendered":"<p>Unsere Geschichte. Ihr Mehrwert. Kinematica: von der Schweiz aus in die ganze Welt. Seit der Gr\u00fcndung der Kinematica im Jahr 1962 bildet Innovation ein Grundpfeiler unserer Entwicklungsstrategie. Nachdem Professor Willems die Industrie mit seiner Rotor \/ Stator-Erfindung revolutioniert hatte, setzte die Kinematica die Perfektionierung der Technik durch Individualisierung und Entwicklung ihrer L\u00f6sung fort, um selbst<\/p>\n<div class=\"klb-readmore post-buttons\"><a class=\"btn btn-black btn-rounded\" href=\"https:\/\/kinematica.ch\/de\/geschichte\/\">Read More <i class=\"klbth-icon-right-arrow\"><\/i><\/a><\/div>\n","protected":false},"author":1,"featured_media":0,"parent":0,"menu_order":0,"comment_status":"closed","ping_status":"closed","template":"","meta":{"_acf_changed":false,"footnotes":""},"class_list":["post-8818","page","type-page","status-publish","hentry"],"acf":[],"_links":{"self":[{"href":"https:\/\/kinematica.ch\/de\/wp-json\/wp\/v2\/pages\/8818","targetHints":{"allow":["GET"]}}],"collection":[{"href":"https:\/\/kinematica.ch\/de\/wp-json\/wp\/v2\/pages"}],"about":[{"href":"https:\/\/kinematica.ch\/de\/wp-json\/wp\/v2\/types\/page"}],"author":[{"embeddable":true,"href":"https:\/\/kinematica.ch\/de\/wp-json\/wp\/v2\/users\/1"}],"replies":[{"embeddable":true,"href":"https:\/\/kinematica.ch\/de\/wp-json\/wp\/v2\/comments?post=8818"}],"version-history":[{"count":0,"href":"https:\/\/kinematica.ch\/de\/wp-json\/wp\/v2\/pages\/8818\/revisions"}],"wp:attachment":[{"href":"https:\/\/kinematica.ch\/de\/wp-json\/wp\/v2\/media?parent=8818"}],"curies":[{"name":"wp","href":"https:\/\/api.w.org\/{rel}","templated":true}]}}